{"id":5596,"date":"2023-02-17T17:21:59","date_gmt":"2023-02-17T16:21:59","guid":{"rendered":"https:\/\/histoireinnue.ca\/?page_id=5596"},"modified":"2023-03-28T19:50:38","modified_gmt":"2023-03-28T18:50:38","slug":"lievre-enseignement-cuisine","status":"publish","type":"page","link":"https:\/\/histoireinnue.ca\/?page_id=5596","title":{"rendered":"LI\u00c8VRE (enseignement, cuisine)"},"content":{"rendered":"\n<figure class=\"wp-block-video aligncenter wp-block-embed is-type-video is-provider-videopress\"><div class=\"wp-block-embed__wrapper\">\n<iframe title=\"VideoPress Video Player\" aria-label='VideoPress Video Player' width='736' height='414' src='https:\/\/videopress.com\/embed\/Owmf0pKY?cover=1&amp;posterUrl=https%3A%2F%2Fhistoireinnue.ca%2Fwp-content%2Fuploads%2F2023%2F02%2F068_107_01_lievre_arrange_mp4_avc_240p.original.jpg&amp;preloadContent=metadata&amp;useAverageColor=1&amp;hd=1' frameborder='0' allowfullscreen data-resize-to-parent=\"true\" allow='clipboard-write'><\/iframe><script src='https:\/\/v0.wordpress.com\/js\/next\/videopress-iframe.js?m=1674852142'><\/script>\n<\/div><figcaption>Recette de li\u00e8vre du chef Zacharie Bellefleur, 1997, vid\u00e9o 10:44<\/figcaption><\/figure>\n\n\n\n<p class=\"wp-block-paragraph\"><\/p>\n\n\n\n<p class=\"has-text-align-center has-medium-font-size wp-block-paragraph\">Transcription <\/p>\n\n\n\n<p class=\"has-medium-font-size wp-block-paragraph\">Messenak, tu va voir comment on arrange un li\u00e8vre.<\/p>\n\n\n\n<p class=\"has-medium-font-size wp-block-paragraph\">Je l&rsquo;ai pogn\u00e9 au collet. Toi tu va \u00eatre s\u00fbrement un expert pour pogner le li\u00e8vre.<\/p>\n\n\n\n<p class=\"has-medium-font-size wp-block-paragraph\">La peau est fragile<\/p>\n\n\n\n<p class=\"has-medium-font-size wp-block-paragraph\">Si la peau n&rsquo;est pas bris\u00e9 tu peux t&rsquo;en servir pour te r\u00e9chauffer les pieds.<\/p>\n\n\n\n<p class=\"has-medium-font-size wp-block-paragraph\">L\u00e0 on est rendu aux palettes<\/p>\n\n\n\n<p class=\"has-medium-font-size wp-block-paragraph\">Faut pas oublier de faire attention&nbsp; avec ton couteau.<\/p>\n\n\n\n<p class=\"has-medium-font-size wp-block-paragraph\">Si tu fais \u00e7a de cette fa\u00e7on l\u00e0, tu seras s\u00fbrement un bon cuisinier.<\/p>\n\n\n\n<p class=\"has-medium-font-size wp-block-paragraph\">Je ne sais pas encore avec quoi je vais accompagn\u00e9 ce li\u00e8vre.<\/p>\n\n\n\n<p class=\"has-medium-font-size wp-block-paragraph\">La t\u00eate est encore gel\u00e9e.<\/p>\n\n\n\n<p class=\"has-medium-font-size wp-block-paragraph\">Es-tu toujours attentif?<\/p>\n\n\n\n<p class=\"has-medium-font-size wp-block-paragraph\">Tu devrais me compliment\u00e9 pour le repas qui s&rsquo;en viens.<\/p>\n\n\n\n<p class=\"has-medium-font-size wp-block-paragraph\">Faut enlever le fiel. Faut pas que j&rsquo;oubli le sel.<\/p>\n\n\n\n<p class=\"has-medium-font-size wp-block-paragraph\">C&rsquo;est pr\u00eat \u00e0 cuire.<\/p>\n\n\n\n<p class=\"has-medium-font-size wp-block-paragraph\">C&rsquo;est \u00e7a ma recette.<\/p>\n\n\n\n<p class=\"has-medium-font-size wp-block-paragraph\">Bon, tes cours sont termin\u00e9s pour aujourd&rsquo;hui, \u00e7a va aller \u00e0 demain.<\/p>\n\n\n\n<p class=\"has-medium-font-size wp-block-paragraph\">La suite demain avec le chef Henri Bernard.<\/p>\n","protected":false},"excerpt":{"rendered":"<p>Transcription Messenak, tu va voir comment on arrange un li\u00e8vre. Je l&rsquo;ai pogn\u00e9 au collet. Toi tu va \u00eatre s\u00fbrement un expert pour pogner le li\u00e8vre. La peau est fragile Si la peau n&rsquo;est pas bris\u00e9 tu peux t&rsquo;en servir pour te r\u00e9chauffer les pieds. L\u00e0 on est rendu aux palettes Faut pas oublier de&#8230; <a class=\"more-link\" href=\"https:\/\/histoireinnue.ca\/?page_id=5596#more-5596\">Lire la Suite &rarr;<\/a><\/p>\n","protected":false},"author":142836289,"featured_media":0,"parent":0,"menu_order":0,"comment_status":"closed","ping_status":"closed","template":"","meta":{"_coblocks_attr":"","_coblocks_dimensions":"","_coblocks_responsive_height":"","_coblocks_accordion_ie_support":"","_crdt_document":"","advanced_seo_description":"","jetpack_seo_html_title":"","jetpack_seo_noindex":false,"footnotes":""},"class_list":["post-5596","page","type-page","status-publish","hentry","clear"],"jetpack_likes_enabled":true,"jetpack_sharing_enabled":true,"jetpack_shortlink":"https:\/\/wp.me\/PayinP-1sg","_links":{"self":[{"href":"https:\/\/histoireinnue.ca\/index.php?rest_route=\/wp\/v2\/pages\/5596","targetHints":{"allow":["GET"]}}],"collection":[{"href":"https:\/\/histoireinnue.ca\/index.php?rest_route=\/wp\/v2\/pages"}],"about":[{"href":"https:\/\/histoireinnue.ca\/index.php?rest_route=\/wp\/v2\/types\/page"}],"author":[{"embeddable":true,"href":"https:\/\/histoireinnue.ca\/index.php?rest_route=\/wp\/v2\/users\/142836289"}],"replies":[{"embeddable":true,"href":"https:\/\/histoireinnue.ca\/index.php?rest_route=%2Fwp%2Fv2%2Fcomments&post=5596"}],"version-history":[{"count":10,"href":"https:\/\/histoireinnue.ca\/index.php?rest_route=\/wp\/v2\/pages\/5596\/revisions"}],"predecessor-version":[{"id":8206,"href":"https:\/\/histoireinnue.ca\/index.php?rest_route=\/wp\/v2\/pages\/5596\/revisions\/8206"}],"wp:attachment":[{"href":"https:\/\/histoireinnue.ca\/index.php?rest_route=%2Fwp%2Fv2%2Fmedia&parent=5596"}],"curies":[{"name":"wp","href":"https:\/\/api.w.org\/{rel}","templated":true}]}}