{"id":5499,"date":"2023-02-17T00:06:42","date_gmt":"2023-02-16T23:06:42","guid":{"rendered":"https:\/\/histoireinnue.ca\/?page_id=5499"},"modified":"2023-03-27T20:30:24","modified_gmt":"2023-03-27T19:30:24","slug":"collet-a-perdrix","status":"publish","type":"page","link":"https:\/\/histoireinnue.ca\/?page_id=5499","title":{"rendered":"COLLET \u00c0 PERDRIX"},"content":{"rendered":"\n<p class=\"has-text-align-center has-medium-font-size wp-block-paragraph\">Un bout de bois et une racine et voici un collet \u00e0 perdrix efficace!<\/p>\n\n\n\n<figure class=\"wp-block-video aligncenter wp-block-embed is-type-video is-provider-videopress\"><div class=\"wp-block-embed__wrapper\">\n<iframe title=\"VideoPress Video Player\" aria-label='VideoPress Video Player' width='736' height='414' src='https:\/\/videopress.com\/embed\/2IJMGTnY?cover=1&amp;posterUrl=https%3A%2F%2Fhistoireinnue.ca%2Fwp-content%2Fuploads%2F2023%2F02%2F054_105_01_collet_perdrix_mp4_avc_240p.original.jpg&amp;preloadContent=metadata&amp;useAverageColor=1&amp;hd=1' frameborder='0' allowfullscreen data-resize-to-parent=\"true\" allow='clipboard-write'><\/iframe><script src='https:\/\/v0.wordpress.com\/js\/next\/videopress-iframe.js?m=1674852142'><\/script>\n<\/div><figcaption>Collet \u00e0 perdrix fabriqu\u00e9 par Jean-Baptiste Bellefleur, 2005 vid\u00e9o 01:32<\/figcaption><\/figure>\n\n\n\n<p class=\"wp-block-paragraph\"><\/p>\n\n\n\n<p class=\"has-text-align-center has-medium-font-size wp-block-paragraph\">Transcription<\/p>\n\n\n\n<p class=\"has-medium-font-size wp-block-paragraph\">Souvent, en for\u00eat, il arrive qu\u2019on rencontre la perdrix et, \u00e9tant nomade, on n\u2019a pas amen\u00e9 grand chose pour la chasse. On utilise alors la racine d\u2019un arbuste. Cette racine \u00e0 la particularit\u00e9 d\u2019\u00eatre tr\u00e8s longue et mince et surtout tr\u00e8s souple. On la nettoie et on la fixe au bout d\u2019une grande perche. \u00c0 l\u2019autre extr\u00e9mit\u00e9 de la racine, on fait un n\u0153ud coulant. Il s\u2019agit alors d\u2019approcher le plus possible la perdrix et de lui passer le n\u0153ud autour du coup. Quand elle essaie de se sauver, elle s\u2019\u00e9touffe d\u2019elle-m\u00eame.&nbsp;<br><strong>Musique<\/strong>&nbsp;&#8211; Rodrigue Fontaine, Bill St-Onge, Luc Bacon<\/p>\n","protected":false},"excerpt":{"rendered":"<p>Un bout de bois et une racine et voici un collet \u00e0 perdrix efficace! Transcription Souvent, en for\u00eat, il arrive qu\u2019on rencontre la perdrix et, \u00e9tant nomade, on n\u2019a pas amen\u00e9 grand chose pour la chasse. On utilise alors la racine d\u2019un arbuste. Cette racine \u00e0 la particularit\u00e9 d\u2019\u00eatre tr\u00e8s longue et mince et surtout&#8230; <a class=\"more-link\" href=\"https:\/\/histoireinnue.ca\/?page_id=5499#more-5499\">Lire la Suite &rarr;<\/a><\/p>\n","protected":false},"author":142836289,"featured_media":0,"parent":0,"menu_order":0,"comment_status":"closed","ping_status":"closed","template":"","meta":{"_coblocks_attr":"","_coblocks_dimensions":"","_coblocks_responsive_height":"","_coblocks_accordion_ie_support":"","_crdt_document":"","advanced_seo_description":"","jetpack_seo_html_title":"","jetpack_seo_noindex":false,"jetpack_post_was_ever_published":false,"footnotes":""},"class_list":["post-5499","page","type-page","status-publish","hentry","clear"],"jetpack_likes_enabled":true,"jetpack_sharing_enabled":true,"jetpack_shortlink":"https:\/\/wp.me\/PayinP-1qH","_links":{"self":[{"href":"https:\/\/histoireinnue.ca\/index.php?rest_route=\/wp\/v2\/pages\/5499","targetHints":{"allow":["GET"]}}],"collection":[{"href":"https:\/\/histoireinnue.ca\/index.php?rest_route=\/wp\/v2\/pages"}],"about":[{"href":"https:\/\/histoireinnue.ca\/index.php?rest_route=\/wp\/v2\/types\/page"}],"author":[{"embeddable":true,"href":"https:\/\/histoireinnue.ca\/index.php?rest_route=\/wp\/v2\/users\/142836289"}],"replies":[{"embeddable":true,"href":"https:\/\/histoireinnue.ca\/index.php?rest_route=%2Fwp%2Fv2%2Fcomments&post=5499"}],"version-history":[{"count":5,"href":"https:\/\/histoireinnue.ca\/index.php?rest_route=\/wp\/v2\/pages\/5499\/revisions"}],"predecessor-version":[{"id":8131,"href":"https:\/\/histoireinnue.ca\/index.php?rest_route=\/wp\/v2\/pages\/5499\/revisions\/8131"}],"wp:attachment":[{"href":"https:\/\/histoireinnue.ca\/index.php?rest_route=%2Fwp%2Fv2%2Fmedia&parent=5499"}],"curies":[{"name":"wp","href":"https:\/\/api.w.org\/{rel}","templated":true}]}}