{"id":5320,"date":"2023-02-15T21:19:21","date_gmt":"2023-02-15T20:19:21","guid":{"rendered":"https:\/\/histoireinnue.ca\/?page_id=5320"},"modified":"2023-03-28T19:47:03","modified_gmt":"2023-03-28T18:47:03","slug":"les-oiseaux-dete-legende","status":"publish","type":"page","link":"https:\/\/histoireinnue.ca\/?page_id=5320","title":{"rendered":"LES OISEAUX D&rsquo;\u00c9T\u00c9 (l\u00e9gende)"},"content":{"rendered":"\n<figure class=\"wp-block-video aligncenter wp-block-embed is-type-video is-provider-videopress\"><div class=\"wp-block-embed__wrapper\">\n<iframe title=\"VideoPress Video Player\" aria-label='VideoPress Video Player' width='736' height='414' src='https:\/\/videopress.com\/embed\/uJESObZl?cover=1&amp;posterUrl=https%3A%2F%2Fhistoireinnue.ca%2Fwp-content%2Fuploads%2F2023%2F02%2Fbebite-les-oiseaux-dete_mp4_std.original.jpg&amp;preloadContent=metadata&amp;useAverageColor=1&amp;hd=1' frameborder='0' allowfullscreen data-resize-to-parent=\"true\" allow='clipboard-write'><\/iframe><script src='https:\/\/v0.wordpress.com\/js\/next\/videopress-iframe.js?m=1674852142'><\/script>\n<\/div><figcaption>Jos\u00e9phine Bacon au festival Innucadie, 2006, vid\u00e9o 25:32<\/figcaption><\/figure>\n","protected":false},"excerpt":{"rendered":"","protected":false},"author":142836289,"featured_media":0,"parent":0,"menu_order":0,"comment_status":"closed","ping_status":"closed","template":"","meta":{"_coblocks_attr":"","_coblocks_dimensions":"","_coblocks_responsive_height":"","_coblocks_accordion_ie_support":"","_crdt_document":"","advanced_seo_description":"","jetpack_seo_html_title":"","jetpack_seo_noindex":false,"jetpack_post_was_ever_published":false,"footnotes":""},"class_list":["post-5320","page","type-page","status-publish","hentry","clear"],"jetpack_likes_enabled":true,"jetpack_sharing_enabled":true,"jetpack_shortlink":"https:\/\/wp.me\/PayinP-1nO","_links":{"self":[{"href":"https:\/\/histoireinnue.ca\/index.php?rest_route=\/wp\/v2\/pages\/5320","targetHints":{"allow":["GET"]}}],"collection":[{"href":"https:\/\/histoireinnue.ca\/index.php?rest_route=\/wp\/v2\/pages"}],"about":[{"href":"https:\/\/histoireinnue.ca\/index.php?rest_route=\/wp\/v2\/types\/page"}],"author":[{"embeddable":true,"href":"https:\/\/histoireinnue.ca\/index.php?rest_route=\/wp\/v2\/users\/142836289"}],"replies":[{"embeddable":true,"href":"https:\/\/histoireinnue.ca\/index.php?rest_route=%2Fwp%2Fv2%2Fcomments&post=5320"}],"version-history":[{"count":7,"href":"https:\/\/histoireinnue.ca\/index.php?rest_route=\/wp\/v2\/pages\/5320\/revisions"}],"predecessor-version":[{"id":8202,"href":"https:\/\/histoireinnue.ca\/index.php?rest_route=\/wp\/v2\/pages\/5320\/revisions\/8202"}],"wp:attachment":[{"href":"https:\/\/histoireinnue.ca\/index.php?rest_route=%2Fwp%2Fv2%2Fmedia&parent=5320"}],"curies":[{"name":"wp","href":"https:\/\/api.w.org\/{rel}","templated":true}]}}