{"id":4590,"date":"2023-02-08T19:01:09","date_gmt":"2023-02-08T18:01:09","guid":{"rendered":"https:\/\/histoireinnue.ca\/?page_id=4590"},"modified":"2023-10-10T22:28:55","modified_gmt":"2023-10-10T21:28:55","slug":"raoni","status":"publish","type":"page","link":"https:\/\/histoireinnue.ca\/?page_id=4590","title":{"rendered":"RAONI , KAYAPOS (visite)"},"content":{"rendered":"\n<p class=\"has-medium-font-size wp-block-paragraph\">Pr\u00e9sentation du l\u00e9gendaire chef Raoni, en visite chez les Innus de la C\u00f4te-Nord du Qu\u00e9bec en ao\u00fbt 2001. Ce petit groupe visite les communaut\u00e9s de&nbsp;Mani-utenam, de&nbsp;Unaman-shipu, de&nbsp;Pakut-shipu&nbsp;et d\u2019Ekuanitshit. Raoni en profite pour poser un regard critique sur les rapports avec les gouvernements aussi bien du Br\u00e9sil que du Canada.<\/p>\n\n\n\n<figure class=\"wp-block-video aligncenter wp-block-embed is-type-video is-provider-videopress\"><div class=\"wp-block-embed__wrapper\">\n<iframe title=\"VideoPress Video Player\" aria-label='VideoPress Video Player' width='736' height='414' src='https:\/\/videopress.com\/embed\/m7rBhpeU?cover=1&amp;preloadContent=metadata&amp;useAverageColor=1&amp;hd=1' frameborder='0' allowfullscreen data-resize-to-parent=\"true\" allow='clipboard-write'><\/iframe><script src='https:\/\/v0.wordpress.com\/js\/next\/videopress-iframe.js?m=1674852142'><\/script>\n<\/div><figcaption>Raoni, V. Fran\u00e7aise (r\u00e9sum\u00e9)<\/figcaption><\/figure>\n\n\n\n<p class=\"has-text-align-center has-medium-font-size wp-block-paragraph\">Transcription<\/p>\n\n\n\n<p class=\"has-medium-font-size wp-block-paragraph\"><\/p>\n\n\n\n<div data-wp-interactive=\"core\/file\" class=\"wp-block-file\"><object data-wp-bind--hidden=\"!state.hasPdfPreview\" hidden class=\"wp-block-file__embed\" data=\"https:\/\/histoireinnue.ca\/wp-content\/uploads\/2023\/02\/Transcription-Raoni-V.-Francaise.pdf\" type=\"application\/pdf\" style=\"width:100%;height:440px\" aria-label=\"Contenu embarqu\u00e9 Transcription Raoni, V. Franc\u0327aise.\"><\/object><a id=\"wp-block-file--media-64fafb84-24ef-48f4-a1b0-8557a1246a87\" href=\"https:\/\/histoireinnue.ca\/wp-content\/uploads\/2023\/02\/Transcription-Raoni-V.-Francaise.pdf\">Transcription Raoni, V. Franc\u0327aise<\/a><a href=\"https:\/\/histoireinnue.ca\/wp-content\/uploads\/2023\/02\/Transcription-Raoni-V.-Francaise.pdf\" class=\"wp-block-file__button wp-element-button\" download aria-describedby=\"wp-block-file--media-64fafb84-24ef-48f4-a1b0-8557a1246a87\">T\u00e9l\u00e9charger<\/a><\/div>\n\n\n\n<p class=\"has-medium-font-size wp-block-paragraph\">Presentation of legendary Chief Raoni, visiting Quebec&rsquo;s&nbsp;C\u00f4te-Nord&nbsp;Innu in August 2001. This small group visits the&nbsp;Mani-utenam,&nbsp;Unaman-shipu,&nbsp;Pakut-shipu&nbsp;and&nbsp;Ekuanitshit&nbsp;communities. Raoni takes the opportunity to criticize both the Brazilian and Canadian governments.&nbsp;<\/p>\n\n\n\n<figure class=\"wp-block-video aligncenter wp-block-embed is-type-video is-provider-videopress\"><div class=\"wp-block-embed__wrapper\">\n<iframe title=\"VideoPress Video Player\" aria-label='VideoPress Video Player' width='736' height='414' src='https:\/\/videopress.com\/embed\/L8pkWBDs?cover=1&amp;preloadContent=metadata&amp;useAverageColor=1&amp;hd=1' frameborder='0' allowfullscreen data-resize-to-parent=\"true\" allow='clipboard-write'><\/iframe><script src='https:\/\/v0.wordpress.com\/js\/next\/videopress-iframe.js?m=1674852142'><\/script>\n<\/div><figcaption>Raoni V. Anglaise<\/figcaption><\/figure>\n\n\n\n<p class=\"has-text-align-center has-medium-font-size wp-block-paragraph\">Transcription <\/p>\n\n\n\n<div data-wp-interactive=\"core\/file\" class=\"wp-block-file\"><object data-wp-bind--hidden=\"!state.hasPdfPreview\" hidden class=\"wp-block-file__embed\" data=\"https:\/\/histoireinnue.ca\/wp-content\/uploads\/2023\/02\/Transcription-Raoni-V.-Anglaise-.pdf\" type=\"application\/pdf\" style=\"width:100%;height:450px\" aria-label=\"Contenu embarqu\u00e9 Transcription Raoni V. Anglaise.\"><\/object><a id=\"wp-block-file--media-20410d97-6b6d-4668-aa62-59915cda571b\" href=\"https:\/\/histoireinnue.ca\/wp-content\/uploads\/2023\/02\/Transcription-Raoni-V.-Anglaise-.pdf\">Transcription Raoni V. Anglaise<\/a><a href=\"https:\/\/histoireinnue.ca\/wp-content\/uploads\/2023\/02\/Transcription-Raoni-V.-Anglaise-.pdf\" class=\"wp-block-file__button wp-element-button\" download aria-describedby=\"wp-block-file--media-20410d97-6b6d-4668-aa62-59915cda571b\">T\u00e9l\u00e9charger<\/a><\/div>\n\n\n\n<p class=\"has-text-align-center has-medium-font-size wp-block-paragraph\"><strong>Voyage de Raoni, kayapos sur la Basse C\u00f4te nord du Qu\u00e9bec,<\/strong><\/p>\n\n\n\n<figure class=\"wp-block-video wp-block-embed is-type-video is-provider-videopress\"><div class=\"wp-block-embed__wrapper\">\n<iframe title=\"VideoPress Video Player\" aria-label='VideoPress Video Player' width='736' height='414' src='https:\/\/videopress.com\/embed\/Rc5EvPHs?cover=1&amp;preloadContent=metadata&amp;useAverageColor=1&amp;hd=1' frameborder='0' allowfullscreen data-resize-to-parent=\"true\" allow='clipboard-write'><\/iframe><script src='https:\/\/v0.wordpress.com\/js\/next\/videopress-iframe.js?m=1674852142'><\/script>\n<\/div><figcaption>Les Kayapos \u00e0 Mani-utenam, 2001<\/figcaption><\/figure>\n\n\n\n<p class=\"wp-block-paragraph\">.<\/p>\n\n\n\n<figure class=\"wp-block-video wp-block-embed is-type-video is-provider-videopress\"><div class=\"wp-block-embed__wrapper\">\n<iframe title=\"VideoPress Video Player\" aria-label='VideoPress Video Player' width='736' height='414' src='https:\/\/videopress.com\/embed\/xNeoGYAI?cover=1&amp;preloadContent=metadata&amp;useAverageColor=1&amp;hd=1' frameborder='0' allowfullscreen data-resize-to-parent=\"true\" allow='clipboard-write'><\/iframe><script src='https:\/\/v0.wordpress.com\/js\/next\/videopress-iframe.js?m=1674852142'><\/script>\n<\/div><figcaption>Les Kayapos \u00e0 Uanamen-shipu et Pakua-shipu, 2001<\/figcaption><\/figure>\n\n\n\n<p class=\"wp-block-paragraph\">.<\/p>\n\n\n\n<figure class=\"wp-block-video wp-block-embed is-type-video is-provider-videopress\"><div class=\"wp-block-embed__wrapper\">\n<iframe title=\"VideoPress Video Player\" aria-label='VideoPress Video Player' width='736' height='414' src='https:\/\/videopress.com\/embed\/NabuL54t?cover=1&amp;preloadContent=metadata&amp;useAverageColor=1&amp;hd=1' frameborder='0' allowfullscreen data-resize-to-parent=\"true\" allow='clipboard-write'><\/iframe><script src='https:\/\/v0.wordpress.com\/js\/next\/videopress-iframe.js?m=1674852142'><\/script>\n<\/div><figcaption><span style=\"color: initial;\">Les Kayapos \u00e0 Ekuanitshit, 2001<\/span><\/figcaption><\/figure>\n\n\n\n<p class=\"wp-block-paragraph\">.<\/p>\n\n\n\n<figure class=\"wp-block-video wp-block-embed is-type-video is-provider-videopress\"><div class=\"wp-block-embed__wrapper\">\n<iframe title=\"VideoPress Video Player\" aria-label='VideoPress Video Player' width='736' height='414' src='https:\/\/videopress.com\/embed\/K15rv1Bj?cover=1&amp;posterUrl=https%3A%2F%2Fhistoireinnue.ca%2Fwp-content%2Fuploads%2F2023%2F10%2F3.03-kayapos_mp4_avc_240p.original.jpg&amp;preloadContent=metadata&amp;useAverageColor=1&amp;hd=1' frameborder='0' allowfullscreen data-resize-to-parent=\"true\" allow='clipboard-write'><\/iframe><script src='https:\/\/v0.wordpress.com\/js\/next\/videopress-iframe.js?m=1674852142'><\/script>\n<\/div><figcaption><span style=\"color: initial;\">Les Kayapos \u00e0 Ekuanitshit 1, 2001<\/span><\/figcaption><\/figure>\n\n\n\n<p class=\"wp-block-paragraph\">.<\/p>\n\n\n\n<figure class=\"wp-block-video wp-block-embed is-type-video is-provider-videopress\"><div class=\"wp-block-embed__wrapper\">\n<iframe title=\"VideoPress Video Player\" aria-label='VideoPress Video Player' width='736' height='414' src='https:\/\/videopress.com\/embed\/QwHb9LMO?cover=1&amp;preloadContent=metadata&amp;useAverageColor=1&amp;hd=1' frameborder='0' allowfullscreen data-resize-to-parent=\"true\" allow='clipboard-write'><\/iframe><script src='https:\/\/v0.wordpress.com\/js\/next\/videopress-iframe.js?m=1674852142'><\/script>\n<\/div><figcaption><span style=\"color: initial;\">Les Kayapos \u00e0 Ekuanitshit 2, 2001<\/span><\/figcaption><\/figure>\n","protected":false},"excerpt":{"rendered":"<p>Pr\u00e9sentation du l\u00e9gendaire chef Raoni, en visite chez les Innus de la C\u00f4te-Nord du Qu\u00e9bec en ao\u00fbt 2001. Ce petit groupe visite les communaut\u00e9s de&nbsp;Mani-utenam, de&nbsp;Unaman-shipu, de&nbsp;Pakut-shipu&nbsp;et d\u2019Ekuanitshit. Raoni en profite pour poser un regard critique sur les rapports avec les gouvernements aussi bien du Br\u00e9sil que du Canada. Transcription Presentation of legendary Chief Raoni,&#8230; <a class=\"more-link\" href=\"https:\/\/histoireinnue.ca\/?page_id=4590#more-4590\">Lire la Suite &rarr;<\/a><\/p>\n","protected":false},"author":142836289,"featured_media":0,"parent":0,"menu_order":0,"comment_status":"closed","ping_status":"closed","template":"","meta":{"_coblocks_attr":"","_coblocks_dimensions":"","_coblocks_responsive_height":"","_coblocks_accordion_ie_support":"","_crdt_document":"","advanced_seo_description":"","jetpack_seo_html_title":"","jetpack_seo_noindex":false,"footnotes":""},"class_list":["post-4590","page","type-page","status-publish","hentry","clear"],"jetpack_likes_enabled":true,"jetpack_sharing_enabled":true,"jetpack_shortlink":"https:\/\/wp.me\/PayinP-1c2","_links":{"self":[{"href":"https:\/\/histoireinnue.ca\/index.php?rest_route=\/wp\/v2\/pages\/4590","targetHints":{"allow":["GET"]}}],"collection":[{"href":"https:\/\/histoireinnue.ca\/index.php?rest_route=\/wp\/v2\/pages"}],"about":[{"href":"https:\/\/histoireinnue.ca\/index.php?rest_route=\/wp\/v2\/types\/page"}],"author":[{"embeddable":true,"href":"https:\/\/histoireinnue.ca\/index.php?rest_route=\/wp\/v2\/users\/142836289"}],"replies":[{"embeddable":true,"href":"https:\/\/histoireinnue.ca\/index.php?rest_route=%2Fwp%2Fv2%2Fcomments&post=4590"}],"version-history":[{"count":32,"href":"https:\/\/histoireinnue.ca\/index.php?rest_route=\/wp\/v2\/pages\/4590\/revisions"}],"predecessor-version":[{"id":10583,"href":"https:\/\/histoireinnue.ca\/index.php?rest_route=\/wp\/v2\/pages\/4590\/revisions\/10583"}],"wp:attachment":[{"href":"https:\/\/histoireinnue.ca\/index.php?rest_route=%2Fwp%2Fv2%2Fmedia&parent=4590"}],"curies":[{"name":"wp","href":"https:\/\/api.w.org\/{rel}","templated":true}]}}