{"id":4480,"date":"2023-02-07T22:53:02","date_gmt":"2023-02-07T21:53:02","guid":{"rendered":"https:\/\/histoireinnue.ca\/?page_id=4480"},"modified":"2024-08-14T20:58:59","modified_gmt":"2024-08-14T19:58:59","slug":"naskapie","status":"publish","type":"page","link":"https:\/\/histoireinnue.ca\/?page_id=4480","title":{"rendered":"NATION NASKAPIE"},"content":{"rendered":"\n<p class=\"has-text-align-center has-medium-font-size wp-block-paragraph\">Pr\u00e9sentation de la nation Naskapie, 2002<\/p>\n\n\n\n<p class=\"has-medium-font-size wp-block-paragraph\">Les Naskapis \u00e9taient un peuple nomade dont la survie d\u00e9pendait presque exclusivement du caribou. La migration de cet animal d\u00e9terminait leurs d\u00e9placements. Au dix-septi\u00e8me si\u00e8cle, ils vivaient au sud de la baie d&rsquo;Ungava, dans la r\u00e9gion de l&rsquo;actuelle communaut\u00e9 inuit de&nbsp;Kuujjuaq. L&rsquo;ouverture d&rsquo;un poste de traite dans la r\u00e9gion de Schefferville, pendant la premi\u00e8re moiti\u00e9 du dix-neuvi\u00e8me si\u00e8cle, les a incit\u00e9s \u00e0 s&rsquo;adonner au pi\u00e9geage des animaux \u00e0 fourrure. En 1957, la communaut\u00e9 est relocalis\u00e9e de la r\u00e9gion de&nbsp;Kuujjuaq, alors appel\u00e9e Fort-Chimo, \u00e0 celle de Schefferville, o\u00f9 ils partagent un territoire avec les Innus de&nbsp;Matimekush&nbsp;pendant quelques ann\u00e9es.&nbsp;<br>En 1978, dans la foul\u00e9e de la Convention de la Baie James avec les Cris, les Naskapis signent la Convention du Nord-Est qu\u00e9b\u00e9cois. En 1984, ils am\u00e9nagent dans un nouveau village, \u00e0 une vingtaine de kilom\u00e8tres de Schefferville, \u00e0 proximit\u00e9 du Labrador.&nbsp;Kawawachikamachest la seule communaut\u00e9 de la nation des Naskapis. L\u2019appellation signifie rivi\u00e8re sinueuse se transformant en un grand lac.&nbsp;<\/p>\n\n\n\n<p class=\"wp-block-paragraph\"><\/p>\n\n\n\n<p class=\"has-text-align-center has-medium-font-size wp-block-paragraph\">Nation Naskapie, film en langue naskapie avec transcription en fran\u00e7ais<\/p>\n\n\n\n<figure class=\"wp-block-video aligncenter wp-block-embed is-type-video is-provider-videopress\"><div class=\"wp-block-embed__wrapper\">\n<iframe title=\"VideoPress Video Player\" aria-label='VideoPress Video Player' width='736' height='414' src='https:\/\/videopress.com\/embed\/O8kUO1Nr?cover=1&amp;preloadContent=metadata&amp;useAverageColor=1&amp;hd=0' frameborder='0' allowfullscreen data-resize-to-parent=\"true\" allow='clipboard-write'><\/iframe><script src='https:\/\/v0.wordpress.com\/js\/next\/videopress-iframe.js?m=1674852142'><\/script>\n<\/div><figcaption>Nation Naskapie, film en langue naskapie avec transcription en fran\u00e7ais, 2002, vid\u00e9o 48:13<\/figcaption><\/figure>\n\n\n\n<p class=\"wp-block-paragraph\"><\/p>\n\n\n\n<p class=\"has-text-align-center has-medium-font-size wp-block-paragraph\">Transcription<\/p>\n\n\n\n<div data-wp-interactive=\"core\/file\" class=\"wp-block-file\"><object data-wp-bind--hidden=\"!state.hasPdfPreview\" hidden class=\"wp-block-file__embed\" data=\"https:\/\/histoireinnue.ca\/wp-content\/uploads\/2023\/02\/Transcription-nation-Naskapie.pdf\" type=\"application\/pdf\" style=\"width:100%;height:390px\" aria-label=\"Contenu embarqu\u00e9 Transcription nation Naskapie.\"><\/object><a id=\"wp-block-file--media-adc487f0-c8a3-44a1-ae11-104371de0ee2\" href=\"https:\/\/histoireinnue.ca\/wp-content\/uploads\/2023\/02\/Transcription-nation-Naskapie.pdf\">Transcription nation Naskapie<\/a><a href=\"https:\/\/histoireinnue.ca\/wp-content\/uploads\/2023\/02\/Transcription-nation-Naskapie.pdf\" class=\"wp-block-file__button wp-element-button\" download aria-describedby=\"wp-block-file--media-adc487f0-c8a3-44a1-ae11-104371de0ee2\">T\u00e9l\u00e9charger<\/a><\/div>\n\n\n\n<p class=\"wp-block-paragraph\"><\/p>\n\n\n\n<p class=\"has-text-align-center has-medium-font-size wp-block-paragraph\">Nation Naskapie en version fran\u00e7aise,<\/p>\n\n\n\n<figure class=\"wp-block-video aligncenter wp-block-embed is-type-video is-provider-videopress\"><div class=\"wp-block-embed__wrapper\">\n<iframe title=\"VideoPress Video Player\" aria-label='VideoPress Video Player' width='736' height='414' src='https:\/\/videopress.com\/embed\/3GQJunsv?cover=1&amp;preloadContent=metadata&amp;useAverageColor=1&amp;hd=0' frameborder='0' allowfullscreen data-resize-to-parent=\"true\" allow='clipboard-write'><\/iframe><script src='https:\/\/v0.wordpress.com\/js\/next\/videopress-iframe.js?m=1674852142'><\/script>\n<\/div><figcaption>Nation Naskapie en version fran\u00e7aise, 2002 vid\u00e9o 48:05<\/figcaption><\/figure>\n\n\n\n<p class=\"wp-block-paragraph\"><\/p>\n\n\n\n<p class=\"has-text-align-center has-medium-font-size wp-block-paragraph\">Naskapi nation in english version <\/p>\n\n\n\n<figure class=\"wp-block-video aligncenter wp-block-embed is-type-video is-provider-videopress\"><div class=\"wp-block-embed__wrapper\">\n<iframe title=\"VideoPress Video Player\" aria-label='VideoPress Video Player' width='736' height='414' src='https:\/\/videopress.com\/embed\/tYjHak0k?cover=1&amp;preloadContent=metadata&amp;useAverageColor=1&amp;hd=0' frameborder='0' allowfullscreen data-resize-to-parent=\"true\" allow='clipboard-write'><\/iframe><script src='https:\/\/v0.wordpress.com\/js\/next\/videopress-iframe.js?m=1674852142'><\/script>\n<\/div><figcaption>Naskapi nation in english version, 2002, 48:09<\/figcaption><\/figure>\n\n\n\n<p class=\"wp-block-paragraph\">.<\/p>\n\n\n\n<p class=\"has-text-align-center has-large-font-size wp-block-paragraph\">Archives tournage<\/p>\n\n\n\n<p class=\"has-text-align-center has-medium-font-size wp-block-paragraph\">Entrevue Georges Guanish<\/p>\n\n\n\n<figure class=\"wp-block-video wp-block-embed is-type-video is-provider-videopress\"><div class=\"wp-block-embed__wrapper\">\n<iframe title=\"VideoPress Video Player\" aria-label='VideoPress Video Player' width='736' height='414' src='https:\/\/videopress.com\/embed\/p3ADIRNr?cover=1&amp;preloadContent=metadata&amp;useAverageColor=1&amp;hd=0' frameborder='0' allowfullscreen data-resize-to-parent=\"true\" allow='clipboard-write'><\/iframe><script src='https:\/\/v0.wordpress.com\/js\/next\/videopress-iframe.js?m=1674852142'><\/script>\n<\/div><figcaption>Entrevue Georges Guanish , pr\u00e9sident NDC et Noat Einish, Kawawachikamach, 2002<\/figcaption><\/figure>\n\n\n\n<p class=\"has-text-align-center has-medium-font-size wp-block-paragraph\">Entrevue John Mameanskum<\/p>\n\n\n\n<figure class=\"wp-block-video wp-block-embed is-type-video is-provider-videopress\"><div class=\"wp-block-embed__wrapper\">\n<iframe title=\"VideoPress Video Player\" aria-label='VideoPress Video Player' width='736' height='414' src='https:\/\/videopress.com\/embed\/hWvrl9mn?cover=1&amp;preloadContent=metadata&amp;useAverageColor=1&amp;hd=0' frameborder='0' allowfullscreen data-resize-to-parent=\"true\" allow='clipboard-write'><\/iframe><script src='https:\/\/v0.wordpress.com\/js\/next\/videopress-iframe.js?m=1674852142'><\/script>\n<\/div><figcaption>Entrevue John Mameanskum, D.G.et Noat Einish, Kawawachikamach, 2002<\/figcaption><\/figure>\n\n\n\n<p class=\"has-text-align-center has-medium-font-size wp-block-paragraph\">Entrevue Mike Sandy<\/p>\n\n\n\n<figure class=\"wp-block-video wp-block-embed is-type-video is-provider-videopress\"><div class=\"wp-block-embed__wrapper\">\n<iframe title=\"VideoPress Video Player\" aria-label='VideoPress Video Player' width='736' height='414' src='https:\/\/videopress.com\/embed\/Zm6HMVAc?cover=1&amp;preloadContent=metadata&amp;useAverageColor=1&amp;hd=0' frameborder='0' allowfullscreen data-resize-to-parent=\"true\" allow='clipboard-write'><\/iframe><script src='https:\/\/v0.wordpress.com\/js\/next\/videopress-iframe.js?m=1674852142'><\/script>\n<\/div><figcaption>Entrevue Mike Sandy, Justice, et Noat Einish, Kawawachikamach, 2002<\/figcaption><\/figure>\n\n\n\n<p class=\"has-text-align-center has-medium-font-size wp-block-paragraph\">Tambour  John Shecanapish<\/p>\n\n\n\n<figure class=\"wp-block-video wp-block-embed is-type-video is-provider-videopress\"><div class=\"wp-block-embed__wrapper\">\n<iframe title=\"VideoPress Video Player\" aria-label='VideoPress Video Player' width='736' height='414' src='https:\/\/videopress.com\/embed\/l4byuLi2?cover=1&amp;posterUrl=https%3A%2F%2Fhistoireinnue.ca%2Fwp-content%2Fuploads%2F2023%2F11%2Fjohn-shecanapish_mp4_std.original.jpg&amp;preloadContent=metadata&amp;useAverageColor=1&amp;hd=0' frameborder='0' allowfullscreen data-resize-to-parent=\"true\" allow='clipboard-write'><\/iframe><script src='https:\/\/v0.wordpress.com\/js\/next\/videopress-iframe.js?m=1674852142'><\/script>\n<\/div><figcaption>John Shecanapish, tambour, Green Bush, 2002<\/figcaption><\/figure>\n\n\n\n<p class=\"has-text-align-center has-medium-font-size wp-block-paragraph\">Banquet Naskapi<\/p>\n\n\n\n<figure class=\"wp-block-video wp-block-embed is-type-video is-provider-videopress\"><div class=\"wp-block-embed__wrapper\">\n<iframe title=\"VideoPress Video Player\" aria-label='VideoPress Video Player' width='736' height='414' src='https:\/\/videopress.com\/embed\/JufJOf5x?cover=1&amp;preloadContent=metadata&amp;useAverageColor=1&amp;hd=0' frameborder='0' allowfullscreen data-resize-to-parent=\"true\" allow='clipboard-write'><\/iframe><script src='https:\/\/v0.wordpress.com\/js\/next\/videopress-iframe.js?m=1674852142'><\/script>\n<\/div><figcaption>Banquet Naskapi, Kawawachikamach, 2002<\/figcaption><\/figure>\n\n\n\n<p class=\"has-text-align-center wp-block-paragraph\">Entrevue Paul Mameanskum, dir. Travaux publics<\/p>\n\n\n\n<figure class=\"wp-block-video wp-block-embed is-type-video is-provider-videopress\"><div class=\"wp-block-embed__wrapper\">\n<iframe title=\"VideoPress Video Player\" aria-label='VideoPress Video Player' width='736' height='414' src='https:\/\/videopress.com\/embed\/ziUwod4T?cover=1&amp;preloadContent=metadata&amp;useAverageColor=1&amp;hd=0' frameborder='0' allowfullscreen data-resize-to-parent=\"true\" allow='clipboard-write'><\/iframe><script src='https:\/\/v0.wordpress.com\/js\/next\/videopress-iframe.js?m=1674852142'><\/script>\n<\/div><figcaption>Entrevue Paul Mameanskum, dir. Travaux publics et Noat Einish, Kawawachikamach, 2002<\/figcaption><\/figure>\n\n\n\n<p class=\"has-text-align-center has-medium-font-size wp-block-paragraph\">Entrevue Jimmy James Einish, Loisirs<\/p>\n\n\n\n<figure class=\"wp-block-video wp-block-embed is-type-video is-provider-videopress\"><div class=\"wp-block-embed__wrapper\">\n<iframe title=\"VideoPress Video Player\" aria-label='VideoPress Video Player' width='736' height='414' src='https:\/\/videopress.com\/embed\/q572A6os?cover=1&amp;preloadContent=metadata&amp;useAverageColor=1&amp;hd=0' frameborder='0' allowfullscreen data-resize-to-parent=\"true\" allow='clipboard-write'><\/iframe><script src='https:\/\/v0.wordpress.com\/js\/next\/videopress-iframe.js?m=1674852142'><\/script>\n<\/div><figcaption>Entrevue Jimmy James Einish, Loisirs et Noat Einish, Kawawachikamach, 2002<\/figcaption><\/figure>\n\n\n\n<p class=\"has-text-align-center has-medium-font-size wp-block-paragraph\">Entrevue Philip Einish, chef<\/p>\n\n\n\n<figure class=\"wp-block-video wp-block-embed is-type-video is-provider-videopress\"><div class=\"wp-block-embed__wrapper\">\n<iframe title=\"VideoPress Video Player\" aria-label='VideoPress Video Player' width='736' height='414' src='https:\/\/videopress.com\/embed\/4nJuXI3E?cover=1&amp;preloadContent=metadata&amp;useAverageColor=1&amp;hd=0' frameborder='0' allowfullscreen data-resize-to-parent=\"true\" allow='clipboard-write'><\/iframe><script src='https:\/\/v0.wordpress.com\/js\/next\/videopress-iframe.js?m=1674852142'><\/script>\n<\/div><figcaption>Entrevue Philip Einish, chef  et Noat Einish, Kawawachikamach, 2002<\/figcaption><\/figure>\n\n\n\n<p class=\"has-text-align-center has-medium-font-size wp-block-paragraph\">Entrevue Police Kawawachikamach<\/p>\n\n\n\n<figure class=\"wp-block-video wp-block-embed is-type-video is-provider-videopress\"><div class=\"wp-block-embed__wrapper\">\n<iframe title=\"VideoPress Video Player\" aria-label='VideoPress Video Player' width='736' height='414' src='https:\/\/videopress.com\/embed\/P5Cn1pGF?cover=1&amp;preloadContent=metadata&amp;useAverageColor=1&amp;hd=0' frameborder='0' allowfullscreen data-resize-to-parent=\"true\" allow='clipboard-write'><\/iframe><script src='https:\/\/v0.wordpress.com\/js\/next\/videopress-iframe.js?m=1674852142'><\/script>\n<\/div><figcaption>Entrevues Samuel Pien, Noah Swappie, Sarah Pien et Noat Einish, Kawawachikamach, 2002<\/figcaption><\/figure>\n\n\n\n<p class=\"has-text-align-center has-medium-font-size wp-block-paragraph\">Entrevue Theresa Chemaganish, dev. humain<\/p>\n\n\n\n<figure class=\"wp-block-video wp-block-embed is-type-video is-provider-videopress\"><div class=\"wp-block-embed__wrapper\">\n<iframe title=\"VideoPress Video Player\" aria-label='VideoPress Video Player' width='736' height='414' src='https:\/\/videopress.com\/embed\/JBCMug5R?cover=1&amp;preloadContent=metadata&amp;useAverageColor=1&amp;hd=0' frameborder='0' allowfullscreen data-resize-to-parent=\"true\" allow='clipboard-write'><\/iframe><script src='https:\/\/v0.wordpress.com\/js\/next\/videopress-iframe.js?m=1674852142'><\/script>\n<\/div><figcaption>Entrevue Theresa Chemaganish, dev. humain et Noat Einish, Kawawachikamach, 2002<\/figcaption><\/figure>\n\n\n\n<p class=\"has-text-align-center has-medium-font-size wp-block-paragraph\">Sandy Robinson, Curtis Tootoosis, Siassi Swappie, \u00e9cole<\/p>\n\n\n\n<figure class=\"wp-block-video wp-block-embed is-type-video is-provider-videopress\"><div class=\"wp-block-embed__wrapper\">\n<iframe title=\"VideoPress Video Player\" aria-label='VideoPress Video Player' width='736' height='414' src='https:\/\/videopress.com\/embed\/Vfb5J8a4?cover=1&amp;preloadContent=metadata&amp;useAverageColor=1&amp;hd=0' frameborder='0' allowfullscreen data-resize-to-parent=\"true\" allow='clipboard-write'><\/iframe><script src='https:\/\/v0.wordpress.com\/js\/next\/videopress-iframe.js?m=1674852142'><\/script>\n<\/div><figcaption>Entrevues Sandy Robinson, Curtis Tootoosis, Siassi Swappie, \u00e9cole et Noat Einish, Kawawachikamach, 2002<\/figcaption><\/figure>\n\n\n\n<p class=\"has-text-align-center has-medium-font-size wp-block-paragraph\">Ruby Sandy-Robinson, administratrice NDC<\/p>\n\n\n\n<figure class=\"wp-block-video wp-block-embed is-type-video is-provider-videopress\"><div class=\"wp-block-embed__wrapper\">\n<iframe title=\"VideoPress Video Player\" aria-label='VideoPress Video Player' width='736' height='414' src='https:\/\/videopress.com\/embed\/8ZvjWsjb?cover=1&amp;preloadContent=metadata&amp;useAverageColor=1&amp;hd=0' frameborder='0' allowfullscreen data-resize-to-parent=\"true\" allow='clipboard-write'><\/iframe><script src='https:\/\/v0.wordpress.com\/js\/next\/videopress-iframe.js?m=1674852142'><\/script>\n<\/div><figcaption>Entrevue Ruby Sandy-Robinson et Noat Einish, Kawawachikamach, 2002<\/figcaption><\/figure>\n\n\n\n<p class=\"has-text-align-center has-medium-font-size wp-block-paragraph\">Bill Jancewicz, aide e\u0301criture naskapie<\/p>\n\n\n\n<figure class=\"wp-block-video wp-block-embed is-type-video is-provider-videopress\"><div class=\"wp-block-embed__wrapper\">\n<iframe title=\"VideoPress Video Player\" aria-label='VideoPress Video Player' width='736' height='414' src='https:\/\/videopress.com\/embed\/NqKsk8vn?cover=1&amp;posterUrl=https%3A%2F%2Fhistoireinnue.ca%2Fwp-content%2Fuploads%2F2023%2F11%2Fbill-jancewicz-aide-ecriture-naskapie_mp4_avc_240p.original.jpg&amp;preloadContent=metadata&amp;useAverageColor=1&amp;hd=0' frameborder='0' allowfullscreen data-resize-to-parent=\"true\" allow='clipboard-write'><\/iframe><script src='https:\/\/v0.wordpress.com\/js\/next\/videopress-iframe.js?m=1674852142'><\/script>\n<\/div><figcaption> Entrevue Bill Jancewicz, aide e\u0301criture naskapie et Noat Einish, Kawawachikamach, 2002<\/figcaption><\/figure>\n\n\n\n<p class=\"has-text-align-center has-medium-font-size wp-block-paragraph\">Noat Einish, Dasy Andr\u00e9<\/p>\n\n\n\n<figure class=\"wp-block-video wp-block-embed is-type-video is-provider-videopress\"><div class=\"wp-block-embed__wrapper\">\n<iframe title=\"VideoPress Video Player\" aria-label='VideoPress Video Player' width='736' height='414' src='https:\/\/videopress.com\/embed\/P5dyzToN?cover=1&amp;posterUrl=https%3A%2F%2Fhistoireinnue.ca%2Fwp-content%2Fuploads%2F2022%2F02%2Fnoat-einish-daisy-andrecc81-naskapie-entrevue_mp4_std.original.jpg&amp;preloadContent=metadata&amp;useAverageColor=1&amp;hd=0' frameborder='0' allowfullscreen data-resize-to-parent=\"true\" allow='clipboard-write'><\/iframe><script src='https:\/\/v0.wordpress.com\/js\/next\/videopress-iframe.js?m=1674852142'><\/script>\n<\/div><figcaption>Entrevue Noat Einish, Daisy Andr\u00e9 et Evelyne St-Onge, Kawawachikamach, 2002<\/figcaption><\/figure>\n\n\n\n<p class=\"has-text-align-center has-medium-font-size wp-block-paragraph\">Transcription<\/p>\n\n\n\n<div data-wp-interactive=\"core\/file\" class=\"wp-block-file\"><object data-wp-bind--hidden=\"!state.hasPdfPreview\" hidden class=\"wp-block-file__embed\" data=\"https:\/\/histoireinnue.ca\/wp-content\/uploads\/2023\/02\/Transcription-Noat-Einish-et-Dasy.pdf\" type=\"application\/pdf\" style=\"width:100%;height:480px\" aria-label=\"Contenu embarqu\u00e9 Transcription Noat Einish et Dasy.\"><\/object><a id=\"wp-block-file--media-030bd0c8-2f54-4e30-a828-6888cb89f329\" href=\"https:\/\/histoireinnue.ca\/wp-content\/uploads\/2023\/02\/Transcription-Noat-Einish-et-Dasy.pdf\">Transcription Noat Einish et Dasy<\/a><a href=\"https:\/\/histoireinnue.ca\/wp-content\/uploads\/2023\/02\/Transcription-Noat-Einish-et-Dasy.pdf\" class=\"wp-block-file__button wp-element-button\" download aria-describedby=\"wp-block-file--media-030bd0c8-2f54-4e30-a828-6888cb89f329\">T\u00e9l\u00e9charger<\/a><\/div>\n\n\n\n<p class=\"has-text-align-center has-medium-font-size wp-block-paragraph\">Jos Guanish<\/p>\n\n\n\n<figure class=\"wp-block-video wp-block-embed is-type-video is-provider-videopress\"><div class=\"wp-block-embed__wrapper\">\n<iframe title=\"VideoPress Video Player\" aria-label='VideoPress Video Player' width='736' height='414' src='https:\/\/videopress.com\/embed\/ABNDievI?cover=1&amp;posterUrl=https%3A%2F%2Fhistoireinnue.ca%2Fwp-content%2Fuploads%2F2022%2F02%2Fjos-guanish-entrevue_mp4_std.original.jpg&amp;preloadContent=metadata&amp;useAverageColor=1&amp;hd=0' frameborder='0' allowfullscreen data-resize-to-parent=\"true\" allow='clipboard-write'><\/iframe><script src='https:\/\/v0.wordpress.com\/js\/next\/videopress-iframe.js?m=1674852142'><\/script>\n<\/div><figcaption>Entrevue Jos Guanish  et Noat Einish, Kawawachikamach, 2002<\/figcaption><\/figure>\n\n\n\n<p class=\"has-text-align-center has-medium-font-size wp-block-paragraph\">Transcription<\/p>\n\n\n\n<div data-wp-interactive=\"core\/file\" class=\"wp-block-file\"><object data-wp-bind--hidden=\"!state.hasPdfPreview\" hidden class=\"wp-block-file__embed\" data=\"https:\/\/histoireinnue.ca\/wp-content\/uploads\/2023\/10\/Jos-Guanish.pdf\" type=\"application\/pdf\" style=\"width:100%;height:600px\" aria-label=\"Contenu embarqu\u00e9 Jos-Guanish.\"><\/object><a id=\"wp-block-file--media-e38b0fb9-ac0f-485e-aa06-62d06a13981b\" href=\"https:\/\/histoireinnue.ca\/wp-content\/uploads\/2023\/10\/Jos-Guanish.pdf\">Jos-Guanish<\/a><a href=\"https:\/\/histoireinnue.ca\/wp-content\/uploads\/2023\/10\/Jos-Guanish.pdf\" class=\"wp-block-file__button wp-element-button\" download aria-describedby=\"wp-block-file--media-e38b0fb9-ac0f-485e-aa06-62d06a13981b\">T\u00e9l\u00e9charger<\/a><\/div>\n\n\n\n<p class=\"has-text-align-center has-medium-font-size wp-block-paragraph\">Mark Sandy<\/p>\n\n\n\n<figure class=\"wp-block-video wp-block-embed is-type-video is-provider-videopress\"><div class=\"wp-block-embed__wrapper\">\n<iframe title=\"VideoPress Video Player\" aria-label='VideoPress Video Player' width='736' height='414' src='https:\/\/videopress.com\/embed\/sJ0nxJ5k?cover=1&amp;posterUrl=https%3A%2F%2Fhistoireinnue.ca%2Fwp-content%2Fuploads%2F2023%2F11%2Fmark-sandy-1_mp4_avc_240p.original.jpg&amp;preloadContent=metadata&amp;useAverageColor=1&amp;hd=0' frameborder='0' allowfullscreen data-resize-to-parent=\"true\" allow='clipboard-write'><\/iframe><script src='https:\/\/v0.wordpress.com\/js\/next\/videopress-iframe.js?m=1674852142'><\/script>\n<\/div><figcaption>Hommage \u00e0 Mark Sandy d\u00e9c\u00e9d\u00e9 en 2021<\/figcaption><\/figure>\n","protected":false},"excerpt":{"rendered":"<p>Pr\u00e9sentation de la nation Naskapie, 2002 Les Naskapis \u00e9taient un peuple nomade dont la survie d\u00e9pendait presque exclusivement du caribou. La migration de cet animal d\u00e9terminait leurs d\u00e9placements. Au dix-septi\u00e8me si\u00e8cle, ils vivaient au sud de la baie d&rsquo;Ungava, dans la r\u00e9gion de l&rsquo;actuelle communaut\u00e9 inuit de&nbsp;Kuujjuaq. L&rsquo;ouverture d&rsquo;un poste de traite dans la r\u00e9gion&#8230; <a class=\"more-link\" href=\"https:\/\/histoireinnue.ca\/?page_id=4480#more-4480\">Lire la Suite &rarr;<\/a><\/p>\n","protected":false},"author":142836289,"featured_media":0,"parent":0,"menu_order":0,"comment_status":"closed","ping_status":"closed","template":"","meta":{"_coblocks_attr":"","_coblocks_dimensions":"","_coblocks_responsive_height":"","_coblocks_accordion_ie_support":"","_crdt_document":"","advanced_seo_description":"","jetpack_seo_html_title":"","jetpack_seo_noindex":false,"footnotes":""},"class_list":["post-4480","page","type-page","status-publish","hentry","clear"],"jetpack_likes_enabled":true,"jetpack_sharing_enabled":true,"jetpack_shortlink":"https:\/\/wp.me\/PayinP-1ag","_links":{"self":[{"href":"https:\/\/histoireinnue.ca\/index.php?rest_route=\/wp\/v2\/pages\/4480","targetHints":{"allow":["GET"]}}],"collection":[{"href":"https:\/\/histoireinnue.ca\/index.php?rest_route=\/wp\/v2\/pages"}],"about":[{"href":"https:\/\/histoireinnue.ca\/index.php?rest_route=\/wp\/v2\/types\/page"}],"author":[{"embeddable":true,"href":"https:\/\/histoireinnue.ca\/index.php?rest_route=\/wp\/v2\/users\/142836289"}],"replies":[{"embeddable":true,"href":"https:\/\/histoireinnue.ca\/index.php?rest_route=%2Fwp%2Fv2%2Fcomments&post=4480"}],"version-history":[{"count":56,"href":"https:\/\/histoireinnue.ca\/index.php?rest_route=\/wp\/v2\/pages\/4480\/revisions"}],"predecessor-version":[{"id":12948,"href":"https:\/\/histoireinnue.ca\/index.php?rest_route=\/wp\/v2\/pages\/4480\/revisions\/12948"}],"wp:attachment":[{"href":"https:\/\/histoireinnue.ca\/index.php?rest_route=%2Fwp%2Fv2%2Fmedia&parent=4480"}],"curies":[{"name":"wp","href":"https:\/\/api.w.org\/{rel}","templated":true}]}}