{"id":4429,"date":"2023-02-07T20:16:58","date_gmt":"2023-02-07T19:16:58","guid":{"rendered":"https:\/\/histoireinnue.ca\/?page_id=4429"},"modified":"2023-03-27T16:55:34","modified_gmt":"2023-03-27T15:55:34","slug":"utshimassit","status":"publish","type":"page","link":"https:\/\/histoireinnue.ca\/?page_id=4429","title":{"rendered":"UTSHIMASSIT\/NATUASHISH"},"content":{"rendered":"\n<p class=\"has-medium-font-size wp-block-paragraph\">Situ\u00e9e sur la c\u00f4te atlantique du Labrador, \u00e0 300 kilom\u00e8tres au nord du village de&nbsp;Happy Valley-Goose Bay,&nbsp;Natuashish&nbsp;n\u2019est accessible que par avion ou par bateau. Le village de&nbsp;Natuashish, fond\u00e9 en 2002, est ainsi le plus r\u00e9cent de toutes les communaut\u00e9s innues. Il se situe \u00e0 une quinzaine de kilom\u00e8tres de l\u2019ancien site de&nbsp;Utshimassit&nbsp;(Davis Inlet), abandonn\u00e9 au d\u00e9but des ann\u00e9es 2000 en raison de sa situation d\u00e9savantageuse sur une \u00eele. La nouvelle communaut\u00e9, dont le nom signifie \u00ab petit lac \u00bb, permet un acc\u00e8s beaucoup plus simple aux territoires ancestraux de chasse et de p\u00eache de l\u2019arri\u00e8re-pays.&nbsp;<\/p>\n\n\n\n<p class=\"has-text-align-center has-medium-font-size wp-block-paragraph\">Utshimassit,(r\u00e9sum\u00e9 en langue innue) Nympha Byrne et Evelyne St-Onge 2000<\/p>\n\n\n\n<figure class=\"wp-block-video aligncenter wp-block-embed is-type-video is-provider-videopress\"><div class=\"wp-block-embed__wrapper\">\n<iframe title=\"VideoPress Video Player\" aria-label='VideoPress Video Player' width='736' height='414' src='https:\/\/videopress.com\/embed\/MY0r4RiA?cover=1&amp;preloadContent=metadata&amp;useAverageColor=1&amp;hd=1' frameborder='0' allowfullscreen data-resize-to-parent=\"true\" allow='clipboard-write'><\/iframe><script src='https:\/\/v0.wordpress.com\/js\/next\/videopress-iframe.js?m=1674852142'><\/script>\n<\/div><figcaption>Cr\u00e9ation de Utshimassit,(r\u00e9sum\u00e9 en langue innue) Nympha Byrne et Evelyne St-Onge 2000, vid\u00e9o 05:14<\/figcaption><\/figure>\n\n\n\n<p class=\"wp-block-paragraph\"><\/p>\n\n\n\n<p class=\"has-text-align-center has-medium-font-size wp-block-paragraph\">Transcription<\/p>\n\n\n\n<p class=\"has-medium-font-size wp-block-paragraph\"><strong>Nympha Byrne<\/strong>&nbsp;&#8211; J&rsquo;ignore si nous sommes \u00ab&nbsp;Mushuannus&nbsp;\u00bb ou Naskapis. Mais on nous appelle&nbsp;mushuaunnu&nbsp;parce qu&rsquo;on avait l&rsquo;habitude de vivre sur des terres d\u00e9nud\u00e9es. Avant que les missionnaires insistent pour nous installer ici, ils voulaient que les enfants et les adultes soient au m\u00eame endroit. Nous vivions \u00e0 l&rsquo;int\u00e9rieur des terres en harmonie avec les animaux n\u00e9cessaires \u00e0 notre survie. C&rsquo;\u00e9taient des pr\u00eatres catholiques. Nos gens prennent le bois au printemps et y sont bien. C&rsquo;est mieux qu&rsquo;ici. J&rsquo;ai bien h\u00e2te que la communaut\u00e9 d\u00e9m\u00e9nage, ce sera mieux pour nos jeunes. On ne sera plus oblig\u00e9s d&rsquo;attendre les glaces pour quitter l&rsquo;\u00eele et aller en for\u00eat, on pourra couvrir de plus grandes distances et les jeunes seront plus heureux. Nous habitions la for\u00eat o\u00f9 nous chassions, p\u00eachions et cueillions. Le reste: farine, sucre et autres, nous l&rsquo;achetions des Blancs \u00e0 qui nous vendions parfois nos fourrures. De l&rsquo;argent poilu! Les missionnaires pr\u00e9tendaient que si nous amenions nos enfants en for\u00eat, le gouvernement nous couperait nos allocations familiales. On nous disait \u00e9galement que les allocations familiales seraient coup\u00e9es si les enfants n&rsquo;allaient pas \u00e0 l&rsquo;\u00e9cole. J&rsquo;aimerais que les jeunes aillent voir les vieux, les \u00e9coutent et apprennent d&rsquo;eux. Ainsi, ils ne perdraient pas leur culture.&nbsp;<br><strong>Musique<\/strong>&nbsp;&#8211; Philippe&nbsp;Mckenzie<\/p>\n\n\n\n<p class=\"has-medium-font-size wp-block-paragraph\"><\/p>\n","protected":false},"excerpt":{"rendered":"<p>Situ\u00e9e sur la c\u00f4te atlantique du Labrador, \u00e0 300 kilom\u00e8tres au nord du village de&nbsp;Happy Valley-Goose Bay,&nbsp;Natuashish&nbsp;n\u2019est accessible que par avion ou par bateau. Le village de&nbsp;Natuashish, fond\u00e9 en 2002, est ainsi le plus r\u00e9cent de toutes les communaut\u00e9s innues. Il se situe \u00e0 une quinzaine de kilom\u00e8tres de l\u2019ancien site de&nbsp;Utshimassit&nbsp;(Davis Inlet), abandonn\u00e9 au&#8230; <a class=\"more-link\" href=\"https:\/\/histoireinnue.ca\/?page_id=4429#more-4429\">Lire la Suite &rarr;<\/a><\/p>\n","protected":false},"author":142836289,"featured_media":0,"parent":0,"menu_order":0,"comment_status":"closed","ping_status":"closed","template":"","meta":{"_coblocks_attr":"","_coblocks_dimensions":"","_coblocks_responsive_height":"","_coblocks_accordion_ie_support":"","_crdt_document":"","advanced_seo_description":"","jetpack_seo_html_title":"","jetpack_seo_noindex":false,"footnotes":""},"class_list":["post-4429","page","type-page","status-publish","hentry","clear"],"jetpack_likes_enabled":true,"jetpack_sharing_enabled":true,"jetpack_shortlink":"https:\/\/wp.me\/PayinP-19r","_links":{"self":[{"href":"https:\/\/histoireinnue.ca\/index.php?rest_route=\/wp\/v2\/pages\/4429","targetHints":{"allow":["GET"]}}],"collection":[{"href":"https:\/\/histoireinnue.ca\/index.php?rest_route=\/wp\/v2\/pages"}],"about":[{"href":"https:\/\/histoireinnue.ca\/index.php?rest_route=\/wp\/v2\/types\/page"}],"author":[{"embeddable":true,"href":"https:\/\/histoireinnue.ca\/index.php?rest_route=\/wp\/v2\/users\/142836289"}],"replies":[{"embeddable":true,"href":"https:\/\/histoireinnue.ca\/index.php?rest_route=%2Fwp%2Fv2%2Fcomments&post=4429"}],"version-history":[{"count":9,"href":"https:\/\/histoireinnue.ca\/index.php?rest_route=\/wp\/v2\/pages\/4429\/revisions"}],"predecessor-version":[{"id":8054,"href":"https:\/\/histoireinnue.ca\/index.php?rest_route=\/wp\/v2\/pages\/4429\/revisions\/8054"}],"wp:attachment":[{"href":"https:\/\/histoireinnue.ca\/index.php?rest_route=%2Fwp%2Fv2%2Fmedia&parent=4429"}],"curies":[{"name":"wp","href":"https:\/\/api.w.org\/{rel}","templated":true}]}}