{"id":3967,"date":"2023-01-31T19:06:19","date_gmt":"2023-01-31T18:06:19","guid":{"rendered":"https:\/\/histoireinnue.ca\/?page_id=3967"},"modified":"2026-02-11T13:17:25","modified_gmt":"2026-02-11T18:17:25","slug":"culture-innue","status":"publish","type":"page","link":"https:\/\/histoireinnue.ca\/?page_id=3967","title":{"rendered":"CULTURE INNUE"},"content":{"rendered":"<div class=\"wp-block-image\">\n<figure class=\"aligncenter size-large is-resized\"><img data-recalc-dims=\"1\" loading=\"lazy\" decoding=\"async\" width=\"736\" height=\"489\" data-attachment-id=\"5026\" data-permalink=\"https:\/\/histoireinnue.ca\/?attachment_id=5026\" data-orig-file=\"https:\/\/i0.wp.com\/histoireinnue.ca\/wp-content\/uploads\/2023\/02\/tambour_02.jpg?fit=4288%2C2848&amp;ssl=1\" data-orig-size=\"4288,2848\" data-comments-opened=\"1\" data-image-meta=\"{&quot;aperture&quot;:&quot;16&quot;,&quot;credit&quot;:&quot;&quot;,&quot;camera&quot;:&quot;NIKON D300&quot;,&quot;caption&quot;:&quot;&quot;,&quot;created_timestamp&quot;:&quot;1288905605&quot;,&quot;copyright&quot;:&quot;&quot;,&quot;focal_length&quot;:&quot;105&quot;,&quot;iso&quot;:&quot;200&quot;,&quot;shutter_speed&quot;:&quot;0.33333333333333&quot;,&quot;title&quot;:&quot;&quot;,&quot;orientation&quot;:&quot;1&quot;}\" data-image-title=\"tambour_02\" data-image-description=\"\" data-image-caption=\"\" data-large-file=\"https:\/\/i0.wp.com\/histoireinnue.ca\/wp-content\/uploads\/2023\/02\/tambour_02.jpg?fit=736%2C489&amp;ssl=1\" src=\"https:\/\/i0.wp.com\/histoireinnue.ca\/wp-content\/uploads\/2023\/02\/tambour_02.jpg?resize=736%2C489&#038;ssl=1\" alt=\"\" class=\"wp-image-5026\" style=\"width:763px;height:auto\" srcset=\"https:\/\/i0.wp.com\/histoireinnue.ca\/wp-content\/uploads\/2023\/02\/tambour_02.jpg?resize=1024%2C680&amp;ssl=1 1024w, https:\/\/i0.wp.com\/histoireinnue.ca\/wp-content\/uploads\/2023\/02\/tambour_02.jpg?resize=300%2C199&amp;ssl=1 300w, https:\/\/i0.wp.com\/histoireinnue.ca\/wp-content\/uploads\/2023\/02\/tambour_02.jpg?resize=768%2C510&amp;ssl=1 768w, https:\/\/i0.wp.com\/histoireinnue.ca\/wp-content\/uploads\/2023\/02\/tambour_02.jpg?resize=1536%2C1020&amp;ssl=1 1536w, https:\/\/i0.wp.com\/histoireinnue.ca\/wp-content\/uploads\/2023\/02\/tambour_02.jpg?resize=2048%2C1360&amp;ssl=1 2048w, https:\/\/i0.wp.com\/histoireinnue.ca\/wp-content\/uploads\/2023\/02\/tambour_02.jpg?resize=1200%2C797&amp;ssl=1 1200w, https:\/\/i0.wp.com\/histoireinnue.ca\/wp-content\/uploads\/2023\/02\/tambour_02.jpg?resize=1400%2C930&amp;ssl=1 1400w, https:\/\/i0.wp.com\/histoireinnue.ca\/wp-content\/uploads\/2023\/02\/tambour_02.jpg?resize=600%2C399&amp;ssl=1 600w, https:\/\/i0.wp.com\/histoireinnue.ca\/wp-content\/uploads\/2023\/02\/tambour_02.jpg?w=1472&amp;ssl=1 1472w, https:\/\/i0.wp.com\/histoireinnue.ca\/wp-content\/uploads\/2023\/02\/tambour_02.jpg?w=2208&amp;ssl=1 2208w\" sizes=\"auto, (max-width: 736px) 100vw, 736px\" \/><\/figure>\n<\/div>\n\n\n<p class=\"has-text-align-center has-medium-font-size wp-block-paragraph\">Teueikan de Jean-Baptiste Bellefleur, Uanamen shipu<\/p>\n\n\n\n<p class=\"has-text-align-left wp-block-paragraph\" style=\"font-size:30px\"><strong>Connaissances traditionnelles, apprentissages<\/strong> <strong>et mode de vie<\/strong><\/p>\n\n\n\n<p class=\"has-medium-font-size wp-block-paragraph\"><em>Cliquez sur le sujet pour d\u00e9clenchez la vid\u00e9o<\/em><\/p>\n\n\n\n<ul class=\"wp-block-list\">\n<li><a href=\"https:\/\/histoireinnue.ca\/?page_id=3431\">LES RASSEMBLEMENTS<\/a>;&nbsp; Pakua-shipu, Mashkuanu, Mani-utenam, Nutashkuan<\/li>\n\n\n\n<li><a href=\"https:\/\/histoireinnue.ca\/?page_id=4704\">PR\u00c9PARATIFS VERS TERRITOIRE<\/a><\/li>\n\n\n\n<li><a href=\"https:\/\/histoireinnue.ca\/?page_id=4706\">LA REMONT\u00c9E VERS LE TERRITOIRE<\/a><\/li>\n\n\n\n<li><a href=\"https:\/\/histoireinnue.ca\/?page_id=4708\">CAMPEMENT AUTOMNE<\/a><\/li>\n\n\n\n<li><a href=\"https:\/\/histoireinnue.ca\/?page_id=4718\">CHASSE AU CARIBOU<\/a><\/li>\n\n\n\n<li><a href=\"https:\/\/histoireinnue.ca\/?page_id=4720\">D\u00c9PE\u00c7AGE DU CARIBOU<\/a><\/li>\n\n\n\n<li><a href=\"https:\/\/histoireinnue.ca\/?page_id=4722\">PEAU DE CARIBOU<\/a><\/li>\n\n\n\n<li><a href=\"https:\/\/histoireinnue.ca\/?page_id=4724\">VIANDE, OS, GRAISSE DU CARIBOU<\/a><\/li>\n\n\n\n<li><a href=\"https:\/\/histoireinnue.ca\/?page_id=4726\">CAMPEMENT HIVER<\/a><\/li>\n\n\n\n<li><a href=\"https:\/\/histoireinnue.ca\/?page_id=4161\">ATELIERS DU LAC UAKUNU<\/a><\/li>\n<\/ul>\n\n\n\n<p class=\"wp-block-paragraph\" style=\"font-size:30px\"><strong>Culture mat\u00e9rielle<\/strong><\/p>\n\n\n\n<p class=\"wp-block-paragraph\"><em>Cliquez sur le sujet pour d\u00e9clenchez la vid\u00e9o<\/em><\/p>\n\n\n\n<ul class=\"wp-block-list\">\n<li><a href=\"https:\/\/histoireinnue.ca\/?page_id=9430\">ARC<\/a><\/li>\n\n\n\n<li><a href=\"https:\/\/histoireinnue.ca\/?page_id=6122\">CACHE, CONSERVATION (teshipitakan)<\/a><\/li>\n\n\n\n<li><a href=\"https:\/\/histoireinnue.ca\/?page_id=9436\">CADRE PEAU DE CASTOR<\/a><\/li>\n\n\n\n<li><a href=\"https:\/\/histoireinnue.ca\/?page_id=4645\">CANOT (Ush)<\/a><\/li>\n\n\n\n<li><a href=\"https:\/\/histoireinnue.ca\/?page_id=5491\">COLLET \u00c0 MARMOTTE<\/a><\/li>\n\n\n\n<li><a href=\"https:\/\/histoireinnue.ca\/?page_id=5499\">COLLET \u00c0 PERDRIX<\/a><\/li>\n\n\n\n<li><a href=\"https:\/\/histoireinnue.ca\/?page_id=9460\">HAME\u00c7ON DE BOIS<\/a><\/li>\n\n\n\n<li><a href=\"https:\/\/histoireinnue.ca\/?page_id=9455\">JOUET<\/a><\/li>\n\n\n\n<li><a href=\"https:\/\/histoireinnue.ca\/?page_id=5502\">PI\u00c8GE \u00c0 LI\u00c8VRE<\/a><\/li>\n\n\n\n<li><a href=\"https:\/\/histoireinnue.ca\/?page_id=4649\">RAQUETTES<\/a><\/li>\n\n\n\n<li><a href=\"https:\/\/histoireinnue.ca\/?page_id=9448\">RAQUETTE DE SURVIE<\/a><\/li>\n\n\n\n<li><a href=\"https:\/\/histoireinnue.ca\/?page_id=4647\">TAMBOUR<\/a><\/li>\n\n\n\n<li><a href=\"https:\/\/histoireinnue.ca\/?page_id=9442\">TRAINEAU<\/a><\/li>\n<\/ul>\n\n\n\n<p class=\"wp-block-paragraph\" style=\"font-size:30px\"><strong>Philosophie, valeurs, spiritualit\u00e9, sacr\u00e9<\/strong><\/p>\n\n\n\n<p class=\"wp-block-paragraph\"><em>Cliquez sur le sujet pour d\u00e9clenchez la vid\u00e9o<\/em><\/p>\n\n\n\n<ul class=\"wp-block-list\">\n<li><a href=\"https:\/\/histoireinnue.ca\/?page_id=4175\">COSMOGONIE INNUE<\/a><\/li>\n\n\n\n<li><a href=\"https:\/\/histoireinnue.ca\/?page_id=1367\">GARDIENS DES SITES SACR\u00c9S<\/a>; groupe Uapushkuss, v\u00e9rit\u00e9s et r\u00e9conciliations<\/li>\n\n\n\n<li><a href=\"https:\/\/histoireinnue.ca\/?page_id=1799\">SAC \u00c0 M\u00c9DECINE, Matiu Penashue<\/a><\/li>\n\n\n\n<li><a href=\"https:\/\/histoireinnue.ca\/?page_id=4647\">TAMBOUR<\/a><\/li>\n<\/ul>\n\n\n\n<p class=\"wp-block-paragraph\" style=\"font-size:30px\"><strong>R\u00e9cits, l\u00e9gendes, enseignements<\/strong><\/p>\n\n\n\n<p class=\"wp-block-paragraph\"><em>Cliquez sur le sujet pour d\u00e9clenchez la vid\u00e9o<\/em><\/p>\n\n\n\n<ul class=\"wp-block-list\">\n<li><a href=\"https:\/\/histoireinnue.ca\/?page_id=8376\">CHASSE \u00c0 L\u2019OURS<\/a><\/li>\n\n\n\n<li><a href=\"https:\/\/histoireinnue.ca\/?page_id=5513\">CHASSE AUX CANARDS<\/a><\/li>\n\n\n\n<li><a href=\"https:\/\/histoireinnue.ca\/?page_id=5519\">CHASSE AUX OUTARDES<\/a><\/li>\n\n\n\n<li><a href=\"https:\/\/histoireinnue.ca\/?page_id=5521\">CHASSE AUX PHOQUES<\/a><\/li>\n\n\n\n<li><a href=\"https:\/\/histoireinnue.ca\/?page_id=5590\">FEU DE PO\u00caLE<\/a><\/li>\n\n\n\n<li><a href=\"https:\/\/histoireinnue.ca\/?page_id=5517\">FRUITS DE MER<\/a>&nbsp;<\/li>\n\n\n\n<li><a href=\"https:\/\/histoireinnue.ca\/?page_id=4556\">INNU; enseignement d\u2019un grand p\u00e8re \u00e0 son petit-fils)<\/a><\/li>\n\n\n\n<li><a href=\"https:\/\/histoireinnue.ca\/?page_id=9594\">ISHKUESS \/ JULIENNE ST-ONGE<\/a><\/li>\n\n\n\n<li><a href=\"https:\/\/histoireinnue.ca\/?page_id=6107\">LANGAGE DU BOIS<\/a><\/li>\n\n\n\n<li><a href=\"https:\/\/histoireinnue.ca\/?page_id=5320\">LES OISEAUX D\u2019\u00c9T\u00c9; l\u00e9gende<\/a><\/li>\n\n\n\n<li><a href=\"https:\/\/histoireinnue.ca\/?page_id=5287\">L\u2019OURS ET L\u2019ENFANT; l\u00e9gende<\/a><\/li>\n\n\n\n<li><a href=\"https:\/\/histoireinnue.ca\/?page_id=5379\">L\u2019OURS ET L\u2019\u00c9CUREUIL; l\u00e9gende<\/a><\/li>\n\n\n\n<li><a href=\"https:\/\/histoireinnue.ca\/?page_id=4964\">LES FILLES DE SHIMUN<\/a><\/li>\n\n\n\n<li><a href=\"https:\/\/histoireinnue.ca\/?page_id=5596\">LI\u00c8VRE; enseignement, cuisine<\/a><\/li>\n\n\n\n<li><a href=\"https:\/\/histoireinnue.ca\/?page_id=8335\">MARIONNETTES; Paul-Emile Dominique<\/a><\/li>\n\n\n\n<li><a href=\"https:\/\/histoireinnue.ca\/?page_id=7347\">MASTIQUEUSE D\u2019\u00c9CORCE<\/a><\/li>\n\n\n\n<li><a href=\"https:\/\/histoireinnue.ca\/?page_id=5572\">MATUTISHAN; tente \u00e0 suer<\/a><\/li>\n\n\n\n<li><a href=\"https:\/\/histoireinnue.ca\/?page_id=9589\">M\u00c9DICAMENT<\/a> \/ <a href=\"https:\/\/histoireinnue.ca\/?page_id=9589\">JULIENNE ST-ONGE<\/a> \u00a0 \u00a0 \u00a0 \u00a0 \u00a0 \u00a0 \u00a0 \u00a0 \u00a0 \u00a0 \u00a0 \u00a0 \u00a0 \u00a0 \u00a0 \u00a0 \u00a0 \u00a0 \u00a0 \u00a0 \u00a0 \u00a0 \u00a0 \u00a0 \u00a0 \u00a0 \u00a0 \u00a0 \u00a0 \u00a0 \u00a0 \u00a0 \u00a0 \u00a0 \u00a0 \u00a0 \u00a0 \u00a0 \u00a0 \u00a0 \u00a0 \u00a0 \u00a0 \u00a0 \u00a0 \u00a0 \u00a0 \u00a0 \u00a0 \u00a0<\/li>\n\n\n\n<li><a href=\"https:\/\/histoireinnue.ca\/?page_id=5305\">MESH; l\u00e9gende<\/a><\/li>\n\n\n\n<li><a href=\"https:\/\/histoireinnue.ca\/?page_id=5386\">M\u00c9T\u00c9O<\/a><\/li>\n\n\n\n<li><a href=\"https:\/\/histoireinnue.ca\/?page_id=12589\" data-type=\"page\" data-id=\"12589\">MITISHANITSHUAP (tente arrondie), construction<\/a><\/li>\n\n\n\n<li><a href=\"https:\/\/histoireinnue.ca\/?page_id=4974\">NUKUM<\/a><\/li>\n\n\n\n<li><a href=\"https:\/\/histoireinnue.ca\/?page_id=1763\">NUTSHIMIU ATTEUSEUN<\/a> \u00a0 \u00a0 \u00a0 \u00a0 \u00a0 \u00a0 \u00a0 \u00a0 \u00a0 \u00a0 \u00a0 \u00a0 \u00a0 \u00a0 \u00a0 \u00a0 \u00a0 \u00a0 \u00a0 \u00a0 \u00a0 \u00a0 \u00a0 \u00a0 \u00a0 \u00a0 \u00a0 \u00a0 \u00a0 \u00a0 \u00a0 \u00a0 \u00a0 \u00a0 \u00a0 \u00a0 \u00a0 \u00a0 \u00a0 \u00a0 \u00a0 \u00a0 \u00a0 \u00a0 \u00a0 \u00a0 \u00a0 \u00a0 \u00a0 \u00a0 \u00a0 \u00a0 \u00a0 \u00a0 \u00a0 \u00a0 \u00a0 \u00a0<\/li>\n\n\n\n<li><a href=\"https:\/\/histoireinnue.ca\/?page_id=5515\">P\u00caCHE AUX SAUMONS<\/a>; Nutashkuan<\/li>\n\n\n\n<li><a href=\"https:\/\/histoireinnue.ca\/?page_id=9751\">PORC ET PIC<\/a><\/li>\n\n\n\n<li><a href=\"https:\/\/histoireinnue.ca\/?page_id=9041\">RAQUETTES; Alexandre Pinette<\/a><\/li>\n\n\n\n<li><a href=\"https:\/\/histoireinnue.ca\/?page_id=11542\">SANT\u00c9<\/a><\/li>\n\n\n\n<li><a href=\"https:\/\/histoireinnue.ca\/?page_id=11204\">SHAPUTUAN EN \u00c9CORCE&nbsp; <\/a><\/li>\n\n\n\n<li><a href=\"https:\/\/histoireinnue.ca\/?page_id=5272\">SOCIOLOGIE DU CARIBOU<\/a><\/li>\n\n\n\n<li><a href=\"https:\/\/histoireinnue.ca\/?page_id=8344\">TRUITE; pr\u00e9paration<\/a><\/li>\n\n\n\n<li><a href=\"https:\/\/histoireinnue.ca\/?page_id=4611\">TSHAKAPESH; l\u00e9gende<\/a>&nbsp; &nbsp; &nbsp; &nbsp; &nbsp; &nbsp; &nbsp; &nbsp; &nbsp; &nbsp;<\/li>\n<\/ul>\n","protected":false},"excerpt":{"rendered":"<p>Teueikan de Jean-Baptiste Bellefleur, Uanamen shipu Connaissances traditionnelles, apprentissages et mode de vie Cliquez sur le sujet pour d\u00e9clenchez la vid\u00e9o Culture mat\u00e9rielle Cliquez sur le sujet pour d\u00e9clenchez la vid\u00e9o Philosophie, valeurs, spiritualit\u00e9, sacr\u00e9 Cliquez sur le sujet pour d\u00e9clenchez la vid\u00e9o R\u00e9cits, l\u00e9gendes, enseignements Cliquez sur le sujet pour d\u00e9clenchez la vid\u00e9o<\/p>\n","protected":false},"author":142836289,"featured_media":0,"parent":0,"menu_order":0,"comment_status":"closed","ping_status":"closed","template":"","meta":{"_coblocks_attr":"","_coblocks_dimensions":"","_coblocks_responsive_height":"","_coblocks_accordion_ie_support":"","_crdt_document":"","advanced_seo_description":"","jetpack_seo_html_title":"","jetpack_seo_noindex":false,"footnotes":""},"class_list":["post-3967","page","type-page","status-publish","hentry","clear"],"jetpack_likes_enabled":true,"jetpack_sharing_enabled":true,"jetpack_shortlink":"https:\/\/wp.me\/PayinP-11Z","_links":{"self":[{"href":"https:\/\/histoireinnue.ca\/index.php?rest_route=\/wp\/v2\/pages\/3967","targetHints":{"allow":["GET"]}}],"collection":[{"href":"https:\/\/histoireinnue.ca\/index.php?rest_route=\/wp\/v2\/pages"}],"about":[{"href":"https:\/\/histoireinnue.ca\/index.php?rest_route=\/wp\/v2\/types\/page"}],"author":[{"embeddable":true,"href":"https:\/\/histoireinnue.ca\/index.php?rest_route=\/wp\/v2\/users\/142836289"}],"replies":[{"embeddable":true,"href":"https:\/\/histoireinnue.ca\/index.php?rest_route=%2Fwp%2Fv2%2Fcomments&post=3967"}],"version-history":[{"count":39,"href":"https:\/\/histoireinnue.ca\/index.php?rest_route=\/wp\/v2\/pages\/3967\/revisions"}],"predecessor-version":[{"id":14654,"href":"https:\/\/histoireinnue.ca\/index.php?rest_route=\/wp\/v2\/pages\/3967\/revisions\/14654"}],"wp:attachment":[{"href":"https:\/\/histoireinnue.ca\/index.php?rest_route=%2Fwp%2Fv2%2Fmedia&parent=3967"}],"curies":[{"name":"wp","href":"https:\/\/api.w.org\/{rel}","templated":true}]}}