{"id":13106,"date":"2024-09-08T19:42:59","date_gmt":"2024-09-08T18:42:59","guid":{"rendered":"https:\/\/histoireinnue.ca\/?page_id=13106"},"modified":"2024-09-08T19:44:10","modified_gmt":"2024-09-08T18:44:10","slug":"site-sacre-innu-kakatshat","status":"publish","type":"page","link":"https:\/\/histoireinnue.ca\/?page_id=13106","title":{"rendered":"SITE SACR\u00c9 INNU, \u00ab\u00a0KAKATSHAT\u00a0\u00bb"},"content":{"rendered":"\n<figure class=\"wp-block-image size-large\"><img data-recalc-dims=\"1\" loading=\"lazy\" decoding=\"async\" width=\"736\" height=\"412\" data-attachment-id=\"13110\" data-permalink=\"https:\/\/histoireinnue.ca\/?attachment_id=13110\" data-orig-file=\"https:\/\/i0.wp.com\/histoireinnue.ca\/wp-content\/uploads\/2024\/09\/Capture-decran-le-2024-09-08-a-14.32.47-1.png?fit=2046%2C1144&amp;ssl=1\" data-orig-size=\"2046,1144\" data-comments-opened=\"1\" data-image-meta=\"{&quot;aperture&quot;:&quot;0&quot;,&quot;credit&quot;:&quot;&quot;,&quot;camera&quot;:&quot;&quot;,&quot;caption&quot;:&quot;&quot;,&quot;created_timestamp&quot;:&quot;0&quot;,&quot;copyright&quot;:&quot;&quot;,&quot;focal_length&quot;:&quot;0&quot;,&quot;iso&quot;:&quot;0&quot;,&quot;shutter_speed&quot;:&quot;0&quot;,&quot;title&quot;:&quot;&quot;,&quot;orientation&quot;:&quot;0&quot;}\" data-image-title=\"Capture d\u2019e\u0301cran, le 2024-09-08 a\u0300 14.32.47\" data-image-description=\"\" data-image-caption=\"\" data-large-file=\"https:\/\/i0.wp.com\/histoireinnue.ca\/wp-content\/uploads\/2024\/09\/Capture-decran-le-2024-09-08-a-14.32.47-1.png?fit=736%2C412&amp;ssl=1\" src=\"https:\/\/i0.wp.com\/histoireinnue.ca\/wp-content\/uploads\/2024\/09\/Capture-decran-le-2024-09-08-a-14.32.47-1.png?resize=736%2C412&#038;ssl=1\" alt=\"\" class=\"wp-image-13110\" srcset=\"https:\/\/i0.wp.com\/histoireinnue.ca\/wp-content\/uploads\/2024\/09\/Capture-decran-le-2024-09-08-a-14.32.47-1.png?resize=1024%2C573&amp;ssl=1 1024w, https:\/\/i0.wp.com\/histoireinnue.ca\/wp-content\/uploads\/2024\/09\/Capture-decran-le-2024-09-08-a-14.32.47-1.png?resize=300%2C168&amp;ssl=1 300w, https:\/\/i0.wp.com\/histoireinnue.ca\/wp-content\/uploads\/2024\/09\/Capture-decran-le-2024-09-08-a-14.32.47-1.png?resize=768%2C429&amp;ssl=1 768w, https:\/\/i0.wp.com\/histoireinnue.ca\/wp-content\/uploads\/2024\/09\/Capture-decran-le-2024-09-08-a-14.32.47-1.png?resize=1536%2C859&amp;ssl=1 1536w, https:\/\/i0.wp.com\/histoireinnue.ca\/wp-content\/uploads\/2024\/09\/Capture-decran-le-2024-09-08-a-14.32.47-1.png?resize=1200%2C671&amp;ssl=1 1200w, https:\/\/i0.wp.com\/histoireinnue.ca\/wp-content\/uploads\/2024\/09\/Capture-decran-le-2024-09-08-a-14.32.47-1.png?resize=1400%2C783&amp;ssl=1 1400w, https:\/\/i0.wp.com\/histoireinnue.ca\/wp-content\/uploads\/2024\/09\/Capture-decran-le-2024-09-08-a-14.32.47-1.png?resize=600%2C335&amp;ssl=1 600w, https:\/\/i0.wp.com\/histoireinnue.ca\/wp-content\/uploads\/2024\/09\/Capture-decran-le-2024-09-08-a-14.32.47-1.png?w=2046&amp;ssl=1 2046w, https:\/\/i0.wp.com\/histoireinnue.ca\/wp-content\/uploads\/2024\/09\/Capture-decran-le-2024-09-08-a-14.32.47-1.png?w=1472&amp;ssl=1 1472w\" sizes=\"auto, (max-width: 736px) 100vw, 736px\" \/><\/figure>\n\n\n\n<p class=\"wp-block-paragraph\">LES GARDIENS DES SITES SACR\u00c9S INNU-ASSI&nbsp;<\/p>\n\n\n\n<p class=\"wp-block-paragraph\">&nbsp;INVENTAIRE DES SITES SACR\u00c9S INNUS&nbsp;<\/p>\n\n\n\n<p class=\"wp-block-paragraph\">KAKATSHAT, est une halte de repos sur un chemin de portage du plateau de la montagne \u00e0 l&rsquo;ouest de la rivi\u00e8re Nipissu. Il y a trois portages en haut et sur le plateau d&rsquo;une cha\u00eene de montagnes. C&rsquo;est aussi un long sentier de portage sur la montagne qui nous m\u00e8ne \u00e0 l&rsquo;int\u00e9rieur du territoire parcouru par nos anc\u00eatres nomades.&nbsp;<\/p>\n\n\n\n<p class=\"wp-block-paragraph\">Kakatshat, veut dire Montagne fait par \u00e9tages ou par paliers<br>Un des trois portages sur le plateau de la montagne 7e portage \u00e0 partir du premier portage de la Moisie. Au milles 55, \u00e0 l&rsquo;ouest de la rivi\u00e8re Nipissu, d\u00e9but des portages pour aller \u00e0 l&rsquo;int\u00e9rieur des terres Kakatshat est un lieu et un chemin de portage qui date depuis des mill\u00e9naires utilis\u00e9s par les innus pour se rendre \u00e0 l&rsquo;int\u00e9rieur des terres.<br>\u00ab Au portage nomm\u00e9 \u00ab Kakatshat \u00bb , l&rsquo;homme devait porter 240 livres de chargement \u00e0 dos durant un demi-milles sans arr\u00eat. Il commen\u00e7ait \u00e0 six heures du matin jusqu&rsquo;\u00e0 six heures du soir &#8230;Quant \u00e0 la femme, elle transportait un sac de farine et deux de graisse, \u00e9quivalent de cent livres, et cela en plus de faire la cuisine, surveiller les enfants, faire la lessive, raccommoder le linge et faire du pain. Elle ne se couchait jamais avant dix heures du soir. Elle est la premi\u00e8re \u00e0 se lever pour pr\u00e9parer le d\u00e9jeuner, habiller les enfants et plier bagages. Puis on d\u00e9faisait la tente pour avancer toujours plus loin&#8230;.nul ne se plaignait ni de fatigue, ni de douleurs.\u00bb<br>Mathieu Andr\u00e8. \u00ab nin mestenapeu \u00bb page 15<br>\u00ab Au portage Kakatshat, les hommes prenaient de l&rsquo;avance en amenant des bagages au prochain portage, il y avait une dame feu Maniten, qui offrait des f\u00e8ves (beans) aux passants sur le chemin de portage\u00bb Entrevue avec Yvonne Vollant, Sept-\u00celes, d\u00e9cembre 2014<br>\u00ab \u00c0 ce portage, il est possible d&rsquo;entendre des sons, des coups et des bruits dans la nuit, l&rsquo;histoire dit qu&rsquo;une vieille dame serait \u00e9gar\u00e9e en allant chercher du sapin.\u00bb<br>Entrevue avec Yvonne Vollant, Sept-\u00celes, d\u00e9cembre 2014&nbsp; &nbsp;<\/p>\n\n\n\n<p class=\"wp-block-paragraph\">Autrefois : Les innus qui utilisaient la rivi\u00e8re Moisie pour aller \u00e0 l&rsquo;int\u00e9rieur des terres devaient prendre ce portage pour aller vers le nord.&nbsp;<\/p>\n\n\n\n<p class=\"wp-block-paragraph\">Aujourd&rsquo;hui : Annuellement, des groupes innus font ce voyage traditionnel, tout comme un p\u00e8lerinage, un enseignement et une tradition qui se poursuit.<br>Les canoteurs et kayakistes y font des excursions, soit des touristes aimant le plein- air.&nbsp;<\/p>\n\n\n\n<p class=\"wp-block-paragraph\">\u00c0 l&rsquo;avenir : Le terrain est accident\u00e9 avec le temps et caus\u00e9 les effets de la nature.<br>Il faut entretenir les chemins de portages et poursuivre les traces de nos anc\u00eatres. Faire une recherche plus approfondie sur ce portage pour son histoire et pr\u00e9servation.<br>Identifier, r\u00e9glementer, prot\u00e9ger, reconna\u00eetre, enseigner.&nbsp;<\/p>\n\n\n\n<p class=\"wp-block-paragraph\">\u00c0 tous les \u00e9t\u00e9s, un groupe de jeunes et adultes innus utilisent ce trajet traditionnel \u00e0 travers la for\u00eat, rivi\u00e8res et lacs. Ils parcourent les portages, le trajet traditionnel, trac\u00e9 par les anciens. Une fa\u00e7on de maintenir notre tradition et garder notre culture.&nbsp;<\/p>\n\n\n\n<p class=\"wp-block-paragraph\">Les sportifs, les touristes, les aimants de la nature parcourent ce site pour appr\u00e9cier les beaut\u00e9s de cette r\u00e9gion.&nbsp;<\/p>\n\n\n\n<p class=\"wp-block-paragraph\">Il y&nbsp; a 26 portages de Sept-\u00celes \u00e0 Ashuanipi et autre vingtaine jusqu&rsquo;\u00e0 la Rivi\u00e8re George, donc il est n\u00e9cessaire de faire une historique complet de chaque portage parcouru par les innus. Il faut indiquer les noms, descriptions, caract\u00e9ristiques, identification de GPS de chaque portage et r\u00e9pertorier des informations pertinentes de ces sites. Il faut r\u00e9glementer son utilisation et entretenir les lieux de ces sites. Il n&rsquo;est pas prot\u00e9g\u00e9 officiellement et aucun r\u00e8glements. Ce site m\u00e9rite une mention sp\u00e9ciale, c&rsquo;est un lieu de m\u00e9moire. Faire des d\u00e9marches pour la reconnaissance de ce lieu soit par la Nation Innue et organisation gouvernementale.&nbsp;<\/p>\n\n\n\n<p class=\"wp-block-paragraph\">Rivi\u00e8re Kakatshat descends jusqu&rsquo;\u00e0 la rivi\u00e8re Nipissu Chaine de montagne de chaque c\u00f4t\u00e9 de la rivi\u00e8re&nbsp;<\/p>\n\n\n\n<p class=\"wp-block-paragraph\">Par chemin de fer Tshiuetin, millage 57<br>En canot, d\u00e9but du portage se situe au millage 55&nbsp;<\/p>\n\n\n\n<p class=\"wp-block-paragraph\">Points GPS du site ou contour du site prise avec GPS&nbsp;<\/p>\n\n\n\n<p class=\"wp-block-paragraph\">Personnes ressources connaissant le site : Mathieu Andr\u00e9 \u00ab Moi, Mestenepeu \u00bb Traduction Montagnaise, 1984&nbsp;<\/p>\n\n\n\n<p class=\"wp-block-paragraph\">Yvonne Vollant, ain\u00e9e de Uashat, Qc Gr\u00e9goire Gabriel, ain\u00e9 de Matimekush&nbsp;<\/p>\n\n\n\n<p class=\"wp-block-paragraph\">Evelyne St-0nge et Anne-Marie Andr\u00e9&nbsp;<\/p>\n\n\n\n<p class=\"wp-block-paragraph\">Yvonne Vollant, ain\u00e9e de Sept-Iles<br>Gr\u00e9goire Gabriel, ain\u00e9 de Matimekush-Lac John&nbsp;<\/p>\n\n\n\n<p class=\"wp-block-paragraph\">14 d\u00e9cembre 2014&nbsp;<\/p>\n\n\n\n<figure class=\"wp-block-image size-large\"><img data-recalc-dims=\"1\" loading=\"lazy\" decoding=\"async\" width=\"736\" height=\"409\" data-attachment-id=\"13112\" data-permalink=\"https:\/\/histoireinnue.ca\/?attachment_id=13112\" data-orig-file=\"https:\/\/i0.wp.com\/histoireinnue.ca\/wp-content\/uploads\/2024\/09\/Capture-decran-le-2024-09-08-a-14.32.09.png?fit=2040%2C1133&amp;ssl=1\" data-orig-size=\"2040,1133\" data-comments-opened=\"1\" data-image-meta=\"{&quot;aperture&quot;:&quot;0&quot;,&quot;credit&quot;:&quot;&quot;,&quot;camera&quot;:&quot;&quot;,&quot;caption&quot;:&quot;&quot;,&quot;created_timestamp&quot;:&quot;0&quot;,&quot;copyright&quot;:&quot;&quot;,&quot;focal_length&quot;:&quot;0&quot;,&quot;iso&quot;:&quot;0&quot;,&quot;shutter_speed&quot;:&quot;0&quot;,&quot;title&quot;:&quot;&quot;,&quot;orientation&quot;:&quot;0&quot;}\" data-image-title=\"Capture d\u2019e\u0301cran, le 2024-09-08 a\u0300 14.32.09\" data-image-description=\"\" data-image-caption=\"\" data-large-file=\"https:\/\/i0.wp.com\/histoireinnue.ca\/wp-content\/uploads\/2024\/09\/Capture-decran-le-2024-09-08-a-14.32.09.png?fit=736%2C409&amp;ssl=1\" src=\"https:\/\/i0.wp.com\/histoireinnue.ca\/wp-content\/uploads\/2024\/09\/Capture-decran-le-2024-09-08-a-14.32.09.png?resize=736%2C409&#038;ssl=1\" alt=\"\" class=\"wp-image-13112\" srcset=\"https:\/\/i0.wp.com\/histoireinnue.ca\/wp-content\/uploads\/2024\/09\/Capture-decran-le-2024-09-08-a-14.32.09.png?resize=1024%2C569&amp;ssl=1 1024w, https:\/\/i0.wp.com\/histoireinnue.ca\/wp-content\/uploads\/2024\/09\/Capture-decran-le-2024-09-08-a-14.32.09.png?resize=300%2C167&amp;ssl=1 300w, https:\/\/i0.wp.com\/histoireinnue.ca\/wp-content\/uploads\/2024\/09\/Capture-decran-le-2024-09-08-a-14.32.09.png?resize=768%2C427&amp;ssl=1 768w, https:\/\/i0.wp.com\/histoireinnue.ca\/wp-content\/uploads\/2024\/09\/Capture-decran-le-2024-09-08-a-14.32.09.png?resize=1536%2C853&amp;ssl=1 1536w, https:\/\/i0.wp.com\/histoireinnue.ca\/wp-content\/uploads\/2024\/09\/Capture-decran-le-2024-09-08-a-14.32.09.png?resize=1200%2C666&amp;ssl=1 1200w, https:\/\/i0.wp.com\/histoireinnue.ca\/wp-content\/uploads\/2024\/09\/Capture-decran-le-2024-09-08-a-14.32.09.png?resize=1400%2C778&amp;ssl=1 1400w, https:\/\/i0.wp.com\/histoireinnue.ca\/wp-content\/uploads\/2024\/09\/Capture-decran-le-2024-09-08-a-14.32.09.png?resize=600%2C333&amp;ssl=1 600w, https:\/\/i0.wp.com\/histoireinnue.ca\/wp-content\/uploads\/2024\/09\/Capture-decran-le-2024-09-08-a-14.32.09.png?w=2040&amp;ssl=1 2040w, https:\/\/i0.wp.com\/histoireinnue.ca\/wp-content\/uploads\/2024\/09\/Capture-decran-le-2024-09-08-a-14.32.09.png?w=1472&amp;ssl=1 1472w\" sizes=\"auto, (max-width: 736px) 100vw, 736px\" \/><\/figure>\n\n\n\n<figure class=\"wp-block-image size-large\"><img data-recalc-dims=\"1\" loading=\"lazy\" decoding=\"async\" width=\"736\" height=\"646\" data-attachment-id=\"13113\" data-permalink=\"https:\/\/histoireinnue.ca\/?attachment_id=13113\" data-orig-file=\"https:\/\/i0.wp.com\/histoireinnue.ca\/wp-content\/uploads\/2024\/09\/Carte-generale-6.jpg?fit=3000%2C2635&amp;ssl=1\" data-orig-size=\"3000,2635\" data-comments-opened=\"1\" data-image-meta=\"{&quot;aperture&quot;:&quot;0&quot;,&quot;credit&quot;:&quot;Girard Marc&quot;,&quot;camera&quot;:&quot;&quot;,&quot;caption&quot;:&quot;&quot;,&quot;created_timestamp&quot;:&quot;1427209741&quot;,&quot;copyright&quot;:&quot;&quot;,&quot;focal_length&quot;:&quot;0&quot;,&quot;iso&quot;:&quot;0&quot;,&quot;shutter_speed&quot;:&quot;0&quot;,&quot;title&quot;:&quot;&quot;,&quot;orientation&quot;:&quot;0&quot;}\" data-image-title=\"Carte ge\u0301ne\u0301rale\" data-image-description=\"\" data-image-caption=\"\" data-large-file=\"https:\/\/i0.wp.com\/histoireinnue.ca\/wp-content\/uploads\/2024\/09\/Carte-generale-6.jpg?fit=736%2C646&amp;ssl=1\" src=\"https:\/\/i0.wp.com\/histoireinnue.ca\/wp-content\/uploads\/2024\/09\/Carte-generale-6.jpg?resize=736%2C646&#038;ssl=1\" alt=\"\" class=\"wp-image-13113\" srcset=\"https:\/\/i0.wp.com\/histoireinnue.ca\/wp-content\/uploads\/2024\/09\/Carte-generale-6.jpg?resize=1024%2C899&amp;ssl=1 1024w, https:\/\/i0.wp.com\/histoireinnue.ca\/wp-content\/uploads\/2024\/09\/Carte-generale-6.jpg?resize=300%2C264&amp;ssl=1 300w, https:\/\/i0.wp.com\/histoireinnue.ca\/wp-content\/uploads\/2024\/09\/Carte-generale-6.jpg?resize=768%2C675&amp;ssl=1 768w, https:\/\/i0.wp.com\/histoireinnue.ca\/wp-content\/uploads\/2024\/09\/Carte-generale-6.jpg?resize=1536%2C1349&amp;ssl=1 1536w, https:\/\/i0.wp.com\/histoireinnue.ca\/wp-content\/uploads\/2024\/09\/Carte-generale-6.jpg?resize=2048%2C1799&amp;ssl=1 2048w, https:\/\/i0.wp.com\/histoireinnue.ca\/wp-content\/uploads\/2024\/09\/Carte-generale-6.jpg?resize=1200%2C1054&amp;ssl=1 1200w, https:\/\/i0.wp.com\/histoireinnue.ca\/wp-content\/uploads\/2024\/09\/Carte-generale-6.jpg?resize=1400%2C1230&amp;ssl=1 1400w, https:\/\/i0.wp.com\/histoireinnue.ca\/wp-content\/uploads\/2024\/09\/Carte-generale-6.jpg?resize=600%2C527&amp;ssl=1 600w, https:\/\/i0.wp.com\/histoireinnue.ca\/wp-content\/uploads\/2024\/09\/Carte-generale-6.jpg?w=1472&amp;ssl=1 1472w, https:\/\/i0.wp.com\/histoireinnue.ca\/wp-content\/uploads\/2024\/09\/Carte-generale-6.jpg?w=2208&amp;ssl=1 2208w\" sizes=\"auto, (max-width: 736px) 100vw, 736px\" \/><\/figure>\n","protected":false},"excerpt":{"rendered":"<p>LES GARDIENS DES SITES SACR\u00c9S INNU-ASSI&nbsp; &nbsp;INVENTAIRE DES SITES SACR\u00c9S INNUS&nbsp; KAKATSHAT, est une halte de repos sur un chemin de portage du plateau de la montagne \u00e0 l&rsquo;ouest de la rivi\u00e8re Nipissu. Il y a trois portages en haut et sur le plateau d&rsquo;une cha\u00eene de montagnes. C&rsquo;est aussi un long sentier de portage&#8230; <a class=\"more-link\" href=\"https:\/\/histoireinnue.ca\/?page_id=13106#more-13106\">Lire la Suite &rarr;<\/a><\/p>\n","protected":false},"author":142836289,"featured_media":0,"parent":0,"menu_order":0,"comment_status":"closed","ping_status":"closed","template":"","meta":{"_coblocks_attr":"","_coblocks_dimensions":"","_coblocks_responsive_height":"","_coblocks_accordion_ie_support":"","_crdt_document":"","advanced_seo_description":"","jetpack_seo_html_title":"","jetpack_seo_noindex":false,"footnotes":""},"class_list":["post-13106","page","type-page","status-publish","hentry","clear"],"jetpack_likes_enabled":true,"jetpack_sharing_enabled":true,"jetpack_shortlink":"https:\/\/wp.me\/PayinP-3po","_links":{"self":[{"href":"https:\/\/histoireinnue.ca\/index.php?rest_route=\/wp\/v2\/pages\/13106","targetHints":{"allow":["GET"]}}],"collection":[{"href":"https:\/\/histoireinnue.ca\/index.php?rest_route=\/wp\/v2\/pages"}],"about":[{"href":"https:\/\/histoireinnue.ca\/index.php?rest_route=\/wp\/v2\/types\/page"}],"author":[{"embeddable":true,"href":"https:\/\/histoireinnue.ca\/index.php?rest_route=\/wp\/v2\/users\/142836289"}],"replies":[{"embeddable":true,"href":"https:\/\/histoireinnue.ca\/index.php?rest_route=%2Fwp%2Fv2%2Fcomments&post=13106"}],"version-history":[{"count":4,"href":"https:\/\/histoireinnue.ca\/index.php?rest_route=\/wp\/v2\/pages\/13106\/revisions"}],"predecessor-version":[{"id":13114,"href":"https:\/\/histoireinnue.ca\/index.php?rest_route=\/wp\/v2\/pages\/13106\/revisions\/13114"}],"wp:attachment":[{"href":"https:\/\/histoireinnue.ca\/index.php?rest_route=%2Fwp%2Fv2%2Fmedia&parent=13106"}],"curies":[{"name":"wp","href":"https:\/\/api.w.org\/{rel}","templated":true}]}}